{"id":149,"date":"2024-10-10T11:23:17","date_gmt":"2024-10-10T11:23:17","guid":{"rendered":"https:\/\/cyberexpo3d.com\/?page_id=149"},"modified":"2025-09-18T15:34:56","modified_gmt":"2025-09-18T15:34:56","slug":"politique-de-confidentialite","status":"publish","type":"page","link":"https:\/\/cyberexpo3d.com\/en\/politique-de-confidentialite\/","title":{"rendered":"Private policy"},"content":{"rendered":"<div data-elementor-type=\"wp-page\" data-elementor-id=\"149\" class=\"elementor elementor-149\" data-elementor-post-type=\"page\">\n\t\t\t\t<div class=\"elementor-element elementor-element-ad596ac e-con-full e-flex e-con e-parent\" data-id=\"ad596ac\" data-element_type=\"container\" data-settings=\"{&quot;background_background&quot;:&quot;gradient&quot;}\">\n\t\t<div class=\"elementor-element elementor-element-03c9615 e-con-full e-flex e-con e-child\" data-id=\"03c9615\" data-element_type=\"container\">\n\t\t\t\t<div class=\"elementor-element elementor-element-666ce7f elementor-widget elementor-widget-heading\" data-id=\"666ce7f\" data-element_type=\"widget\" data-widget_type=\"heading.default\">\n\t\t\t\t<div class=\"elementor-widget-container\">\n\t\t\t\t\t<h2 class=\"elementor-heading-title elementor-size-default\">Privacy policy Cyberexpo3d.com<\/h2>\t\t\t\t<\/div>\n\t\t\t\t<\/div>\n\t\t<div class=\"elementor-element elementor-element-674e744 e-con-full e-flex e-con e-child\" data-id=\"674e744\" data-element_type=\"container\" data-settings=\"{&quot;background_background&quot;:&quot;classic&quot;}\">\n\t\t\t\t<div class=\"elementor-element elementor-element-5db5d4f elementor-widget__width-initial we-heading elementor-widget elementor-widget-heading\" data-id=\"5db5d4f\" data-element_type=\"widget\" data-widget_type=\"heading.default\">\n\t\t\t\t<div class=\"elementor-widget-container\">\n\t\t\t\t\t<h2 class=\"elementor-heading-title elementor-size-default\">1 : Introduction<\/h2>\t\t\t\t<\/div>\n\t\t\t\t<\/div>\n\t\t\t\t<\/div>\n\t\t\t\t<div class=\"elementor-element elementor-element-a2d7353 elementor-widget__width-initial elementor-widget elementor-widget-text-editor\" data-id=\"a2d7353\" data-element_type=\"widget\" data-widget_type=\"text-editor.default\">\n\t\t\t\t<div class=\"elementor-widget-container\">\n\t\t\t\t\t\t\t\t\t<p>The present privacy policy describes how Digital Soft, as publisher of the Cyberexpo3D platform, collects, uses, and protects the personal data of platform users. By using Cyberexpo3D, you consent to the practices described herein<\/p>\t\t\t\t\t\t\t\t<\/div>\n\t\t\t\t<\/div>\n\t\t<div class=\"elementor-element elementor-element-3986538 e-con-full e-flex e-con e-child\" data-id=\"3986538\" data-element_type=\"container\" data-settings=\"{&quot;background_background&quot;:&quot;classic&quot;}\">\n\t\t\t\t<div class=\"elementor-element elementor-element-dc9d228 elementor-widget__width-initial we-heading elementor-widget elementor-widget-heading\" data-id=\"dc9d228\" data-element_type=\"widget\" data-widget_type=\"heading.default\">\n\t\t\t\t<div class=\"elementor-widget-container\">\n\t\t\t\t\t<h2 class=\"elementor-heading-title elementor-size-default\">2 : Donn\u00e9es collect\u00e9es<\/h2>\t\t\t\t<\/div>\n\t\t\t\t<\/div>\n\t\t\t\t<\/div>\n\t\t\t\t<div class=\"elementor-element elementor-element-283d8d9 elementor-widget__width-initial elementor-widget elementor-widget-text-editor\" data-id=\"283d8d9\" data-element_type=\"widget\" data-widget_type=\"text-editor.default\">\n\t\t\t\t<div class=\"elementor-widget-container\">\n\t\t\t\t\t\t\t\t\t<p>We collect the following types of data :<\/p><p>Identification data: First name, last name, email address, phone number, postal address.<br \/>Payment information : Credit card information used for transactions.<br \/>Connection data : IP address, browser type, and device used.<br \/>Usage data: Information about your use of the platform, such as pages visited, features used, session durations.<\/p>\t\t\t\t\t\t\t\t<\/div>\n\t\t\t\t<\/div>\n\t\t<div class=\"elementor-element elementor-element-a7e670a e-con-full e-flex e-con e-child\" data-id=\"a7e670a\" data-element_type=\"container\" data-settings=\"{&quot;background_background&quot;:&quot;classic&quot;}\">\n\t\t\t\t<div class=\"elementor-element elementor-element-0094211 elementor-widget__width-initial we-heading elementor-widget elementor-widget-heading\" data-id=\"0094211\" data-element_type=\"widget\" data-widget_type=\"heading.default\">\n\t\t\t\t<div class=\"elementor-widget-container\">\n\t\t\t\t\t<h2 class=\"elementor-heading-title elementor-size-default\">3 : Utilisation des donn\u00e9es<\/span><\/h2>\t\t\t\t<\/div>\n\t\t\t\t<\/div>\n\t\t\t\t<\/div>\n\t\t\t\t<div class=\"elementor-element elementor-element-976d786 elementor-widget__width-initial elementor-widget elementor-widget-text-editor\" data-id=\"976d786\" data-element_type=\"widget\" data-widget_type=\"text-editor.default\">\n\t\t\t\t<div class=\"elementor-widget-container\">\n\t\t\t\t\t\t\t\t\t<p>The collected data is used for...<\/p><p>Manage your account: Create and manage your user account.<br \/>Provide services: To provide you with the platform services, such as creating and managing your exhibition space.<br \/>Personalize your experience: Tailor the platform content to your preferences.<br \/>Communicate with you: Send you notifications, updates, and marketing information.<br \/>Ensure security: Protect the platform and your data from unauthorized access.<br \/>Improve our services: Analyze your platform usage to enhance our services and develop new features<\/p>\t\t\t\t\t\t\t\t<\/div>\n\t\t\t\t<\/div>\n\t\t<div class=\"elementor-element elementor-element-7fc375d e-con-full e-flex e-con e-child\" data-id=\"7fc375d\" data-element_type=\"container\" data-settings=\"{&quot;background_background&quot;:&quot;classic&quot;}\">\n\t\t\t\t<div class=\"elementor-element elementor-element-1578b47 elementor-widget__width-initial we-heading elementor-widget elementor-widget-heading\" data-id=\"1578b47\" data-element_type=\"widget\" data-widget_type=\"heading.default\">\n\t\t\t\t<div class=\"elementor-widget-container\">\n\t\t\t\t\t<h2 class=\"elementor-heading-title elementor-size-default\">4 : Partage des donn\u00e9es<\/span><\/h2>\t\t\t\t<\/div>\n\t\t\t\t<\/div>\n\t\t\t\t<\/div>\n\t\t\t\t<div class=\"elementor-element elementor-element-49b205d elementor-widget__width-initial elementor-widget elementor-widget-text-editor\" data-id=\"49b205d\" data-element_type=\"widget\" data-widget_type=\"text-editor.default\">\n\t\t\t\t<div class=\"elementor-widget-container\">\n\t\t\t\t\t\t\t\t\t<p>We may share your data with :<\/p><p>Our service providers : Third parties who help us deliver our services (e.g., hosting providers, payment processors).<br \/>Competent authorities: If required by law or if necessary to protect our rights or those of third parties.<\/p>\t\t\t\t\t\t\t\t<\/div>\n\t\t\t\t<\/div>\n\t\t<div class=\"elementor-element elementor-element-62af4e7 e-con-full e-flex e-con e-child\" data-id=\"62af4e7\" data-element_type=\"container\" data-settings=\"{&quot;background_background&quot;:&quot;classic&quot;}\">\n\t\t\t\t<div class=\"elementor-element elementor-element-77dcd6b elementor-widget__width-initial we-heading elementor-widget elementor-widget-heading\" data-id=\"77dcd6b\" data-element_type=\"widget\" data-widget_type=\"heading.default\">\n\t\t\t\t<div class=\"elementor-widget-container\">\n\t\t\t\t\t<h2 class=\"elementor-heading-title elementor-size-default\">5 : S\u00e9curit\u00e9 des donn\u00e9es<\/span><\/h2>\t\t\t\t<\/div>\n\t\t\t\t<\/div>\n\t\t\t\t<\/div>\n\t\t\t\t<div class=\"elementor-element elementor-element-f5e049c elementor-widget__width-initial elementor-widget elementor-widget-text-editor\" data-id=\"f5e049c\" data-element_type=\"widget\" data-widget_type=\"text-editor.default\">\n\t\t\t\t<div class=\"elementor-widget-container\">\n\t\t\t\t\t\t\t\t\t<p>We implement appropriate technical and organizational security measures to protect your personal data against loss, misuse, unauthorized access, disclosure, alteration, and destruction.<\/p>\t\t\t\t\t\t\t\t<\/div>\n\t\t\t\t<\/div>\n\t\t<div class=\"elementor-element elementor-element-d07b52a e-con-full e-flex e-con e-child\" data-id=\"d07b52a\" data-element_type=\"container\" data-settings=\"{&quot;background_background&quot;:&quot;classic&quot;}\">\n\t\t\t\t<div class=\"elementor-element elementor-element-e82ad39 elementor-widget__width-initial we-heading elementor-widget elementor-widget-heading\" data-id=\"e82ad39\" data-element_type=\"widget\" data-widget_type=\"heading.default\">\n\t\t\t\t<div class=\"elementor-widget-container\">\n\t\t\t\t\t<h2 class=\"elementor-heading-title elementor-size-default\">6 : Vos droits<\/h2>\t\t\t\t<\/div>\n\t\t\t\t<\/div>\n\t\t\t\t<\/div>\n\t\t\t\t<div class=\"elementor-element elementor-element-4e54dae elementor-widget__width-initial elementor-widget elementor-widget-text-editor\" data-id=\"4e54dae\" data-element_type=\"widget\" data-widget_type=\"text-editor.default\">\n\t\t\t\t<div class=\"elementor-widget-container\">\n\t\t\t\t\t\t\t\t\t<p>You have the following rights regarding your data:<\/p><p>Right of access: You can request access to the data we hold about you.<br \/>Right to rectification: You can request to correct inaccurate or incomplete data.<br \/>Right to erasure: You can request the deletion of your data in certain circumstances.<br \/>Right to object: You can object to the processing of your data for certain purposes.<br \/>Right to restriction: You can request to limit the processing of your data in certain cases.<br \/>Right to data portability: You can request to receive your data in a structured, commonly used, and machine-readable format.<br \/>To exercise your rights, please contact us through the contact page.<\/p>\t\t\t\t\t\t\t\t<\/div>\n\t\t\t\t<\/div>\n\t\t<div class=\"elementor-element elementor-element-bc4bca3 e-con-full e-flex e-con e-child\" data-id=\"bc4bca3\" data-element_type=\"container\" data-settings=\"{&quot;background_background&quot;:&quot;classic&quot;}\">\n\t\t\t\t<div class=\"elementor-element elementor-element-6282392 elementor-widget__width-initial we-heading elementor-widget elementor-widget-heading\" data-id=\"6282392\" data-element_type=\"widget\" data-widget_type=\"heading.default\">\n\t\t\t\t<div class=\"elementor-widget-container\">\n\t\t\t\t\t<h2 class=\"elementor-heading-title elementor-size-default\">7 : Modifications de la politique de confidentialit\u00e9<\/h2>\t\t\t\t<\/div>\n\t\t\t\t<\/div>\n\t\t\t\t<\/div>\n\t\t\t\t<div class=\"elementor-element elementor-element-048141b elementor-widget__width-initial elementor-widget elementor-widget-text-editor\" data-id=\"048141b\" data-element_type=\"widget\" data-widget_type=\"text-editor.default\">\n\t\t\t\t<div class=\"elementor-widget-container\">\n\t\t\t\t\t\t\t\t\t<p>We may modify this privacy policy at any time. Any changes will be effective as of their publication on the platform. \u00a0<\/p>\t\t\t\t\t\t\t\t<\/div>\n\t\t\t\t<\/div>\n\t\t<div class=\"elementor-element elementor-element-9024cbe e-con-full e-flex e-con e-child\" data-id=\"9024cbe\" data-element_type=\"container\" data-settings=\"{&quot;background_background&quot;:&quot;classic&quot;}\">\n\t\t\t\t<div class=\"elementor-element elementor-element-29ee8f7 elementor-widget__width-initial we-heading elementor-widget elementor-widget-heading\" data-id=\"29ee8f7\" data-element_type=\"widget\" data-widget_type=\"heading.default\">\n\t\t\t\t<div class=\"elementor-widget-container\">\n\t\t\t\t\t<h2 class=\"elementor-heading-title elementor-size-default\">8 : Contact<\/h2>\t\t\t\t<\/div>\n\t\t\t\t<\/div>\n\t\t\t\t<\/div>\n\t\t\t\t<div class=\"elementor-element elementor-element-d19418d elementor-widget__width-initial elementor-widget elementor-widget-text-editor\" data-id=\"d19418d\" data-element_type=\"widget\" data-widget_type=\"text-editor.default\">\n\t\t\t\t<div class=\"elementor-widget-container\">\n\t\t\t\t\t\t\t\t\t<p>For any questions regarding this privacy policy, please contact us through the contact page.<\/p>\t\t\t\t\t\t\t\t<\/div>\n\t\t\t\t<\/div>\n\t\t\t\t<\/div>\n\t\t\t\t<\/div>\n\t\t\t\t<\/div>","protected":false},"excerpt":{"rendered":"<p>Politique de confidentialit\u00e9 Cyberexpo3d.com 1 : Introduction La pr\u00e9sente politique de confidentialit\u00e9 d\u00e9crit comment Digital Soft, \u00e9diteur de la plateforme Cyberexpo3D, collecte, utilise et prot\u00e8ge les donn\u00e9es personnelles des utilisateurs de la plateforme. En utilisant Cyberexpo3D, vous acceptez les pratiques d\u00e9crites dans cette politique. 2 : Donn\u00e9es collect\u00e9es Nous pouvons collecter les types de donn\u00e9es [&hellip;]<\/p>","protected":false},"author":3,"featured_media":0,"parent":0,"menu_order":0,"comment_status":"closed","ping_status":"closed","template":"","meta":{"_eb_attr":"","footnotes":""},"class_list":["post-149","page","type-page","status-publish","hentry"],"yoast_head":"<!-- This site is optimized with the Yoast SEO plugin v26.2 - https:\/\/yoast.com\/wordpress\/plugins\/seo\/ -->\n<title>Politique de confidentialit\u00e9 - Cyber Expo 3D<\/title>\n<meta name=\"description\" content=\"Consultez notre politique de confidentialit\u00e9 pour comprendre comment nous prot\u00e9geons vos donn\u00e9es et respectons votre vie priv\u00e9e.\" \/>\n<meta name=\"robots\" content=\"index, follow, max-snippet:-1, max-image-preview:large, max-video-preview:-1\" \/>\n<link rel=\"canonical\" href=\"https:\/\/cyberexpo3d.com\/en\/politique-de-confidentialite\/\" \/>\n<meta property=\"og:locale\" content=\"en_GB\" \/>\n<meta property=\"og:type\" content=\"article\" \/>\n<meta property=\"og:title\" content=\"Politique de confidentialit\u00e9 - Cyber Expo 3D\" \/>\n<meta property=\"og:description\" content=\"Consultez notre politique de confidentialit\u00e9 pour comprendre comment nous prot\u00e9geons vos donn\u00e9es et respectons votre vie priv\u00e9e.\" \/>\n<meta property=\"og:url\" content=\"https:\/\/cyberexpo3d.com\/en\/politique-de-confidentialite\/\" \/>\n<meta property=\"og:site_name\" content=\"Cyber Expo 3D\" \/>\n<meta property=\"article:publisher\" content=\"https:\/\/www.facebook.com\/profile.php?id=61568138104774\" \/>\n<meta property=\"article:modified_time\" content=\"2025-09-18T15:34:56+00:00\" \/>\n<meta property=\"og:image\" content=\"https:\/\/cyberexpo3d.com\/wp-content\/uploads\/2025\/01\/test-122.png\" \/>\n\t<meta property=\"og:image:width\" content=\"3156\" \/>\n\t<meta property=\"og:image:height\" content=\"1412\" \/>\n\t<meta property=\"og:image:type\" content=\"image\/png\" \/>\n<meta name=\"twitter:card\" content=\"summary_large_image\" \/>\n<meta name=\"twitter:label1\" content=\"Estimated reading time\" \/>\n\t<meta name=\"twitter:data1\" content=\"3 minutes\" \/>\n<script type=\"application\/ld+json\" class=\"yoast-schema-graph\">{\"@context\":\"https:\/\/schema.org\",\"@graph\":[{\"@type\":\"WebPage\",\"@id\":\"https:\/\/cyberexpo3d.com\/politique-de-confidentialite\/\",\"url\":\"https:\/\/cyberexpo3d.com\/politique-de-confidentialite\/\",\"name\":\"Politique de confidentialit\u00e9 - Cyber Expo 3D\",\"isPartOf\":{\"@id\":\"https:\/\/cyberexpo3d.com\/#website\"},\"datePublished\":\"2024-10-10T11:23:17+00:00\",\"dateModified\":\"2025-09-18T15:34:56+00:00\",\"description\":\"Consultez notre politique de confidentialit\u00e9 pour comprendre comment nous prot\u00e9geons vos donn\u00e9es et respectons votre vie priv\u00e9e.\",\"breadcrumb\":{\"@id\":\"https:\/\/cyberexpo3d.com\/politique-de-confidentialite\/#breadcrumb\"},\"inLanguage\":\"en-GB\",\"potentialAction\":[{\"@type\":\"ReadAction\",\"target\":[\"https:\/\/cyberexpo3d.com\/politique-de-confidentialite\/\"]}]},{\"@type\":\"BreadcrumbList\",\"@id\":\"https:\/\/cyberexpo3d.com\/politique-de-confidentialite\/#breadcrumb\",\"itemListElement\":[{\"@type\":\"ListItem\",\"position\":1,\"name\":\"Accueil\",\"item\":\"https:\/\/cyberexpo3d.com\/\"},{\"@type\":\"ListItem\",\"position\":2,\"name\":\"Politique de confidentialit\u00e9\"}]},{\"@type\":\"WebSite\",\"@id\":\"https:\/\/cyberexpo3d.com\/#website\",\"url\":\"https:\/\/cyberexpo3d.com\/\",\"name\":\"Cyber Expo 3D\",\"description\":\"Votre salon en ligne, sans effort et sans limites.\",\"publisher\":{\"@id\":\"https:\/\/cyberexpo3d.com\/#organization\"},\"potentialAction\":[{\"@type\":\"SearchAction\",\"target\":{\"@type\":\"EntryPoint\",\"urlTemplate\":\"https:\/\/cyberexpo3d.com\/?s={search_term_string}\"},\"query-input\":{\"@type\":\"PropertyValueSpecification\",\"valueRequired\":true,\"valueName\":\"search_term_string\"}}],\"inLanguage\":\"en-GB\"},{\"@type\":\"Organization\",\"@id\":\"https:\/\/cyberexpo3d.com\/#organization\",\"name\":\"Cyber Expo 3D\",\"url\":\"https:\/\/cyberexpo3d.com\/\",\"logo\":{\"@type\":\"ImageObject\",\"inLanguage\":\"en-GB\",\"@id\":\"https:\/\/cyberexpo3d.com\/#\/schema\/logo\/image\/\",\"url\":\"https:\/\/cyberexpo3d.com\/wp-content\/uploads\/2025\/01\/test-122.png\",\"contentUrl\":\"https:\/\/cyberexpo3d.com\/wp-content\/uploads\/2025\/01\/test-122.png\",\"width\":3156,\"height\":1412,\"caption\":\"Cyber Expo 3D\"},\"image\":{\"@id\":\"https:\/\/cyberexpo3d.com\/#\/schema\/logo\/image\/\"},\"sameAs\":[\"https:\/\/www.facebook.com\/profile.php?id=61568138104774\",\"https:\/\/www.youtube.com\/channel\/UCkWCeOSaQFvTuCkAcxscFgQ\"]}]}<\/script>\n<!-- \/ Yoast SEO plugin. -->","yoast_head_json":{"title":"Politique de confidentialit\u00e9 - Cyber Expo 3D","description":"Consultez notre politique de confidentialit\u00e9 pour comprendre comment nous prot\u00e9geons vos donn\u00e9es et respectons votre vie priv\u00e9e.","robots":{"index":"index","follow":"follow","max-snippet":"max-snippet:-1","max-image-preview":"max-image-preview:large","max-video-preview":"max-video-preview:-1"},"canonical":"https:\/\/cyberexpo3d.com\/en\/politique-de-confidentialite\/","og_locale":"en_GB","og_type":"article","og_title":"Politique de confidentialit\u00e9 - Cyber Expo 3D","og_description":"Consultez notre politique de confidentialit\u00e9 pour comprendre comment nous prot\u00e9geons vos donn\u00e9es et respectons votre vie priv\u00e9e.","og_url":"https:\/\/cyberexpo3d.com\/en\/politique-de-confidentialite\/","og_site_name":"Cyber Expo 3D","article_publisher":"https:\/\/www.facebook.com\/profile.php?id=61568138104774","article_modified_time":"2025-09-18T15:34:56+00:00","og_image":[{"width":3156,"height":1412,"url":"https:\/\/cyberexpo3d.com\/wp-content\/uploads\/2025\/01\/test-122.png","type":"image\/png"}],"twitter_card":"summary_large_image","twitter_misc":{"Estimated reading time":"3 minutes"},"schema":{"@context":"https:\/\/schema.org","@graph":[{"@type":"WebPage","@id":"https:\/\/cyberexpo3d.com\/politique-de-confidentialite\/","url":"https:\/\/cyberexpo3d.com\/politique-de-confidentialite\/","name":"Politique de confidentialit\u00e9 - Cyber Expo 3D","isPartOf":{"@id":"https:\/\/cyberexpo3d.com\/#website"},"datePublished":"2024-10-10T11:23:17+00:00","dateModified":"2025-09-18T15:34:56+00:00","description":"Consultez notre politique de confidentialit\u00e9 pour comprendre comment nous prot\u00e9geons vos donn\u00e9es et respectons votre vie priv\u00e9e.","breadcrumb":{"@id":"https:\/\/cyberexpo3d.com\/politique-de-confidentialite\/#breadcrumb"},"inLanguage":"en-GB","potentialAction":[{"@type":"ReadAction","target":["https:\/\/cyberexpo3d.com\/politique-de-confidentialite\/"]}]},{"@type":"BreadcrumbList","@id":"https:\/\/cyberexpo3d.com\/politique-de-confidentialite\/#breadcrumb","itemListElement":[{"@type":"ListItem","position":1,"name":"Accueil","item":"https:\/\/cyberexpo3d.com\/"},{"@type":"ListItem","position":2,"name":"Politique de confidentialit\u00e9"}]},{"@type":"WebSite","@id":"https:\/\/cyberexpo3d.com\/#website","url":"https:\/\/cyberexpo3d.com\/","name":"Cyber Expo 3D","description":"Votre salon en ligne, sans effort et sans limites.","publisher":{"@id":"https:\/\/cyberexpo3d.com\/#organization"},"potentialAction":[{"@type":"SearchAction","target":{"@type":"EntryPoint","urlTemplate":"https:\/\/cyberexpo3d.com\/?s={search_term_string}"},"query-input":{"@type":"PropertyValueSpecification","valueRequired":true,"valueName":"search_term_string"}}],"inLanguage":"en-GB"},{"@type":"Organization","@id":"https:\/\/cyberexpo3d.com\/#organization","name":"Cyber Expo 3D","url":"https:\/\/cyberexpo3d.com\/","logo":{"@type":"ImageObject","inLanguage":"en-GB","@id":"https:\/\/cyberexpo3d.com\/#\/schema\/logo\/image\/","url":"https:\/\/cyberexpo3d.com\/wp-content\/uploads\/2025\/01\/test-122.png","contentUrl":"https:\/\/cyberexpo3d.com\/wp-content\/uploads\/2025\/01\/test-122.png","width":3156,"height":1412,"caption":"Cyber Expo 3D"},"image":{"@id":"https:\/\/cyberexpo3d.com\/#\/schema\/logo\/image\/"},"sameAs":["https:\/\/www.facebook.com\/profile.php?id=61568138104774","https:\/\/www.youtube.com\/channel\/UCkWCeOSaQFvTuCkAcxscFgQ"]}]}},"_links":{"self":[{"href":"https:\/\/cyberexpo3d.com\/en\/wp-json\/wp\/v2\/pages\/149","targetHints":{"allow":["GET"]}}],"collection":[{"href":"https:\/\/cyberexpo3d.com\/en\/wp-json\/wp\/v2\/pages"}],"about":[{"href":"https:\/\/cyberexpo3d.com\/en\/wp-json\/wp\/v2\/types\/page"}],"author":[{"embeddable":true,"href":"https:\/\/cyberexpo3d.com\/en\/wp-json\/wp\/v2\/users\/3"}],"replies":[{"embeddable":true,"href":"https:\/\/cyberexpo3d.com\/en\/wp-json\/wp\/v2\/comments?post=149"}],"version-history":[{"count":103,"href":"https:\/\/cyberexpo3d.com\/en\/wp-json\/wp\/v2\/pages\/149\/revisions"}],"predecessor-version":[{"id":7075,"href":"https:\/\/cyberexpo3d.com\/en\/wp-json\/wp\/v2\/pages\/149\/revisions\/7075"}],"wp:attachment":[{"href":"https:\/\/cyberexpo3d.com\/en\/wp-json\/wp\/v2\/media?parent=149"}],"curies":[{"name":"wp","href":"https:\/\/api.w.org\/{rel}","templated":true}]}}