{"id":169,"date":"2024-10-10T11:46:35","date_gmt":"2024-10-10T11:46:35","guid":{"rendered":"https:\/\/cyberexpo3d.com\/?page_id=169"},"modified":"2025-09-18T14:33:23","modified_gmt":"2025-09-18T14:33:23","slug":"contact","status":"publish","type":"page","link":"https:\/\/cyberexpo3d.com\/en\/contact\/","title":{"rendered":"Contact"},"content":{"rendered":"<div data-elementor-type=\"wp-page\" data-elementor-id=\"169\" class=\"elementor elementor-169\" data-elementor-post-type=\"page\">\n\t\t\t\t<div class=\"elementor-element elementor-element-da73ca6 e-flex e-con-boxed e-con e-parent\" data-id=\"da73ca6\" data-element_type=\"container\" data-settings=\"{&quot;background_background&quot;:&quot;gradient&quot;}\">\n\t\t\t\t\t<div class=\"e-con-inner\">\n\t\t<div class=\"elementor-element elementor-element-fac7629 e-con-full e-flex e-con e-child\" data-id=\"fac7629\" data-element_type=\"container\">\n\t\t\t\t<div class=\"elementor-element elementor-element-64e98ba elementor-widget elementor-widget-heading\" data-id=\"64e98ba\" data-element_type=\"widget\" data-widget_type=\"heading.default\">\n\t\t\t\t<div class=\"elementor-widget-container\">\n\t\t\t\t\t<h2 class=\"elementor-heading-title elementor-size-default\">Contact us<\/h2>\t\t\t\t<\/div>\n\t\t\t\t<\/div>\n\t\t\t\t<div class=\"elementor-element elementor-element-f21a19d elementor-widget__width-initial elementor-button-align-stretch elementor-widget elementor-widget-form\" data-id=\"f21a19d\" data-element_type=\"widget\" data-settings=\"{&quot;step_next_label&quot;:&quot;Suivant&quot;,&quot;step_previous_label&quot;:&quot;Pr\\u00e9c\\u00e9dent&quot;,&quot;button_width&quot;:&quot;100&quot;,&quot;step_type&quot;:&quot;number_text&quot;,&quot;step_icon_shape&quot;:&quot;circle&quot;}\" data-widget_type=\"form.default\">\n\t\t\t\t<div class=\"elementor-widget-container\">\n\t\t\t\t\t\t\t<form class=\"elementor-form\" method=\"post\" name=\"contact\" action=\"\">\n\t\t\t<input type=\"hidden\" name=\"post_id\" value=\"169\"\/>\n\t\t\t<input type=\"hidden\" name=\"form_id\" value=\"f21a19d\"\/>\n\t\t\t<input type=\"hidden\" name=\"referer_title\" value=\"Contact - Cyber Expo 3D\" \/>\n\n\t\t\t\t\t\t\t<input type=\"hidden\" name=\"queried_id\" value=\"169\"\/>\n\t\t\t\n\t\t\t<div class=\"elementor-form-fields-wrapper elementor-labels-above\">\n\t\t\t\t\t\t\t\t<div class=\"elementor-field-type-text elementor-field-group elementor-column elementor-field-group-name elementor-col-100 elementor-field-required elementor-mark-required\">\n\t\t\t\t\t\t\t\t\t\t\t\t<label for=\"form-field-name\" class=\"elementor-field-label\">\n\t\t\t\t\t\t\t\tUsername\t\t\t\t\t\t\t<\/label>\n\t\t\t\t\t\t\t\t\t\t\t\t\t\t<input size=\"1\" type=\"text\" name=\"form_fields[name]\" id=\"form-field-name\" class=\"elementor-field elementor-size-sm  elementor-field-textual\" placeholder=\"Username\" required=\"required\">\n\t\t\t\t\t\t\t\t\t\t\t<\/div>\n\t\t\t\t\t\t\t\t<div class=\"elementor-field-type-email elementor-field-group elementor-column elementor-field-group-email elementor-col-100 elementor-field-required elementor-mark-required\">\n\t\t\t\t\t\t\t\t\t\t\t\t<label for=\"form-field-email\" class=\"elementor-field-label\">\n\t\t\t\t\t\t\t\tEmail\t\t\t\t\t\t\t<\/label>\n\t\t\t\t\t\t\t\t\t\t\t\t\t\t<input size=\"1\" type=\"email\" name=\"form_fields[email]\" id=\"form-field-email\" class=\"elementor-field elementor-size-sm  elementor-field-textual\" placeholder=\"Email\" required=\"required\">\n\t\t\t\t\t\t\t\t\t\t\t<\/div>\n\t\t\t\t\t\t\t\t<div class=\"elementor-field-type-textarea elementor-field-group elementor-column elementor-field-group-message elementor-col-100 elementor-field-required elementor-mark-required\">\n\t\t\t\t\t\t\t\t\t\t\t\t<label for=\"form-field-message\" class=\"elementor-field-label\">\n\t\t\t\t\t\t\t\tMessage\t\t\t\t\t\t\t<\/label>\n\t\t\t\t\t\t<textarea class=\"elementor-field-textual elementor-field  elementor-size-sm\" name=\"form_fields[message]\" id=\"form-field-message\" rows=\"4\" placeholder=\"Message\" required=\"required\"><\/textarea>\t\t\t\t<\/div>\n\t\t\t\t\t\t\t\t<div class=\"elementor-field-type-number elementor-field-group elementor-column elementor-field-group-field_eea16e1 elementor-col-100 elementor-field-required elementor-mark-required\">\n\t\t\t\t\t\t\t\t\t\t\t\t<label for=\"form-field-field_eea16e1\" class=\"elementor-field-label\">\n\t\t\t\t\t\t\t\tPhone number\t\t\t\t\t\t\t<\/label>\n\t\t\t\t\t\t\t\t\t<input type=\"number\" name=\"form_fields[field_eea16e1]\" id=\"form-field-field_eea16e1\" class=\"elementor-field elementor-size-sm  elementor-field-textual\" required=\"required\" min=\"\" max=\"\" >\n\t\t\t\t\t\t<\/div>\n\t\t\t\t\t\t\t\t<div class=\"elementor-field-group elementor-column elementor-field-type-submit elementor-col-100 e-form__buttons\">\n\t\t\t\t\t<button class=\"elementor-button elementor-size-sm\" type=\"submit\">\n\t\t\t\t\t\t<span class=\"elementor-button-content-wrapper\">\n\t\t\t\t\t\t\t\t\t\t\t\t\t\t\t\t\t\t\t\t\t\t<span class=\"elementor-button-text\">Send<\/span>\n\t\t\t\t\t\t\t\t\t\t\t\t\t<\/span>\n\t\t\t\t\t<\/button>\n\t\t\t\t<\/div>\n\t\t\t<\/div>\n\t\t<input type=\"hidden\" name=\"trp-form-language\" value=\"en\"\/><\/form>\n\t\t\t\t\t\t<\/div>\n\t\t\t\t<\/div>\n\t\t\t\t<\/div>\n\t\t\t\t\t<\/div>\n\t\t\t\t<\/div>\n\t\t\t\t<\/div>","protected":false},"excerpt":{"rendered":"<p>Contact us<\/p>","protected":false},"author":3,"featured_media":0,"parent":0,"menu_order":0,"comment_status":"closed","ping_status":"closed","template":"","meta":{"_eb_attr":"","footnotes":""},"class_list":["post-169","page","type-page","status-publish","hentry"],"yoast_head":"<!-- This site is optimized with the Yoast SEO plugin v26.2 - https:\/\/yoast.com\/wordpress\/plugins\/seo\/ -->\n<title>Contact - Cyber Expo 3D<\/title>\n<meta name=\"description\" content=\"Une question ? Contactez-nous via notre formulaire de contact, Notre \u00e9quipe est l\u00e0 pour vous r\u00e9pondre rapidement !&quot;\" \/>\n<meta name=\"robots\" content=\"index, follow, max-snippet:-1, max-image-preview:large, max-video-preview:-1\" \/>\n<link rel=\"canonical\" href=\"https:\/\/cyberexpo3d.com\/en\/contact\/\" \/>\n<meta property=\"og:locale\" content=\"en_GB\" \/>\n<meta property=\"og:type\" content=\"article\" \/>\n<meta property=\"og:title\" content=\"Contact - Cyber Expo 3D\" \/>\n<meta property=\"og:description\" content=\"Une question ? Contactez-nous via notre formulaire de contact, Notre \u00e9quipe est l\u00e0 pour vous r\u00e9pondre rapidement !&quot;\" \/>\n<meta property=\"og:url\" content=\"https:\/\/cyberexpo3d.com\/en\/contact\/\" \/>\n<meta property=\"og:site_name\" content=\"Cyber Expo 3D\" \/>\n<meta property=\"article:publisher\" content=\"https:\/\/www.facebook.com\/profile.php?id=61568138104774\" \/>\n<meta property=\"article:modified_time\" content=\"2025-09-18T14:33:23+00:00\" \/>\n<meta property=\"og:image\" content=\"https:\/\/cyberexpo3d.com\/wp-content\/uploads\/2025\/01\/test-122.png\" \/>\n\t<meta property=\"og:image:width\" content=\"3156\" \/>\n\t<meta property=\"og:image:height\" content=\"1412\" \/>\n\t<meta property=\"og:image:type\" content=\"image\/png\" \/>\n<meta name=\"twitter:card\" content=\"summary_large_image\" \/>\n<meta name=\"twitter:label1\" content=\"Estimated reading time\" \/>\n\t<meta name=\"twitter:data1\" content=\"1 minute\" \/>\n<script type=\"application\/ld+json\" class=\"yoast-schema-graph\">{\"@context\":\"https:\/\/schema.org\",\"@graph\":[{\"@type\":\"WebPage\",\"@id\":\"https:\/\/cyberexpo3d.com\/contact\/\",\"url\":\"https:\/\/cyberexpo3d.com\/contact\/\",\"name\":\"Contact - Cyber Expo 3D\",\"isPartOf\":{\"@id\":\"https:\/\/cyberexpo3d.com\/#website\"},\"datePublished\":\"2024-10-10T11:46:35+00:00\",\"dateModified\":\"2025-09-18T14:33:23+00:00\",\"description\":\"Une question ? Contactez-nous via notre formulaire de contact, Notre \u00e9quipe est l\u00e0 pour vous r\u00e9pondre rapidement !\\\"\",\"breadcrumb\":{\"@id\":\"https:\/\/cyberexpo3d.com\/contact\/#breadcrumb\"},\"inLanguage\":\"en-GB\",\"potentialAction\":[{\"@type\":\"ReadAction\",\"target\":[\"https:\/\/cyberexpo3d.com\/contact\/\"]}]},{\"@type\":\"BreadcrumbList\",\"@id\":\"https:\/\/cyberexpo3d.com\/contact\/#breadcrumb\",\"itemListElement\":[{\"@type\":\"ListItem\",\"position\":1,\"name\":\"Accueil\",\"item\":\"https:\/\/cyberexpo3d.com\/\"},{\"@type\":\"ListItem\",\"position\":2,\"name\":\"Contact\"}]},{\"@type\":\"WebSite\",\"@id\":\"https:\/\/cyberexpo3d.com\/#website\",\"url\":\"https:\/\/cyberexpo3d.com\/\",\"name\":\"Cyber Expo 3D\",\"description\":\"Votre salon en ligne, sans effort et sans limites.\",\"publisher\":{\"@id\":\"https:\/\/cyberexpo3d.com\/#organization\"},\"potentialAction\":[{\"@type\":\"SearchAction\",\"target\":{\"@type\":\"EntryPoint\",\"urlTemplate\":\"https:\/\/cyberexpo3d.com\/?s={search_term_string}\"},\"query-input\":{\"@type\":\"PropertyValueSpecification\",\"valueRequired\":true,\"valueName\":\"search_term_string\"}}],\"inLanguage\":\"en-GB\"},{\"@type\":\"Organization\",\"@id\":\"https:\/\/cyberexpo3d.com\/#organization\",\"name\":\"Cyber Expo 3D\",\"url\":\"https:\/\/cyberexpo3d.com\/\",\"logo\":{\"@type\":\"ImageObject\",\"inLanguage\":\"en-GB\",\"@id\":\"https:\/\/cyberexpo3d.com\/#\/schema\/logo\/image\/\",\"url\":\"https:\/\/cyberexpo3d.com\/wp-content\/uploads\/2025\/01\/test-122.png\",\"contentUrl\":\"https:\/\/cyberexpo3d.com\/wp-content\/uploads\/2025\/01\/test-122.png\",\"width\":3156,\"height\":1412,\"caption\":\"Cyber Expo 3D\"},\"image\":{\"@id\":\"https:\/\/cyberexpo3d.com\/#\/schema\/logo\/image\/\"},\"sameAs\":[\"https:\/\/www.facebook.com\/profile.php?id=61568138104774\",\"https:\/\/www.youtube.com\/channel\/UCkWCeOSaQFvTuCkAcxscFgQ\"]}]}<\/script>\n<!-- \/ Yoast SEO plugin. -->","yoast_head_json":{"title":"Contact - Cyber Expo 3D","description":"Une question ? Contactez-nous via notre formulaire de contact, Notre \u00e9quipe est l\u00e0 pour vous r\u00e9pondre rapidement !\"","robots":{"index":"index","follow":"follow","max-snippet":"max-snippet:-1","max-image-preview":"max-image-preview:large","max-video-preview":"max-video-preview:-1"},"canonical":"https:\/\/cyberexpo3d.com\/en\/contact\/","og_locale":"en_GB","og_type":"article","og_title":"Contact - Cyber Expo 3D","og_description":"Une question ? Contactez-nous via notre formulaire de contact, Notre \u00e9quipe est l\u00e0 pour vous r\u00e9pondre rapidement !\"","og_url":"https:\/\/cyberexpo3d.com\/en\/contact\/","og_site_name":"Cyber Expo 3D","article_publisher":"https:\/\/www.facebook.com\/profile.php?id=61568138104774","article_modified_time":"2025-09-18T14:33:23+00:00","og_image":[{"width":3156,"height":1412,"url":"https:\/\/cyberexpo3d.com\/wp-content\/uploads\/2025\/01\/test-122.png","type":"image\/png"}],"twitter_card":"summary_large_image","twitter_misc":{"Estimated reading time":"1 minute"},"schema":{"@context":"https:\/\/schema.org","@graph":[{"@type":"WebPage","@id":"https:\/\/cyberexpo3d.com\/contact\/","url":"https:\/\/cyberexpo3d.com\/contact\/","name":"Contact - Cyber Expo 3D","isPartOf":{"@id":"https:\/\/cyberexpo3d.com\/#website"},"datePublished":"2024-10-10T11:46:35+00:00","dateModified":"2025-09-18T14:33:23+00:00","description":"Une question ? Contactez-nous via notre formulaire de contact, Notre \u00e9quipe est l\u00e0 pour vous r\u00e9pondre rapidement !\"","breadcrumb":{"@id":"https:\/\/cyberexpo3d.com\/contact\/#breadcrumb"},"inLanguage":"en-GB","potentialAction":[{"@type":"ReadAction","target":["https:\/\/cyberexpo3d.com\/contact\/"]}]},{"@type":"BreadcrumbList","@id":"https:\/\/cyberexpo3d.com\/contact\/#breadcrumb","itemListElement":[{"@type":"ListItem","position":1,"name":"Accueil","item":"https:\/\/cyberexpo3d.com\/"},{"@type":"ListItem","position":2,"name":"Contact"}]},{"@type":"WebSite","@id":"https:\/\/cyberexpo3d.com\/#website","url":"https:\/\/cyberexpo3d.com\/","name":"Cyber Expo 3D","description":"Votre salon en ligne, sans effort et sans limites.","publisher":{"@id":"https:\/\/cyberexpo3d.com\/#organization"},"potentialAction":[{"@type":"SearchAction","target":{"@type":"EntryPoint","urlTemplate":"https:\/\/cyberexpo3d.com\/?s={search_term_string}"},"query-input":{"@type":"PropertyValueSpecification","valueRequired":true,"valueName":"search_term_string"}}],"inLanguage":"en-GB"},{"@type":"Organization","@id":"https:\/\/cyberexpo3d.com\/#organization","name":"Cyber Expo 3D","url":"https:\/\/cyberexpo3d.com\/","logo":{"@type":"ImageObject","inLanguage":"en-GB","@id":"https:\/\/cyberexpo3d.com\/#\/schema\/logo\/image\/","url":"https:\/\/cyberexpo3d.com\/wp-content\/uploads\/2025\/01\/test-122.png","contentUrl":"https:\/\/cyberexpo3d.com\/wp-content\/uploads\/2025\/01\/test-122.png","width":3156,"height":1412,"caption":"Cyber Expo 3D"},"image":{"@id":"https:\/\/cyberexpo3d.com\/#\/schema\/logo\/image\/"},"sameAs":["https:\/\/www.facebook.com\/profile.php?id=61568138104774","https:\/\/www.youtube.com\/channel\/UCkWCeOSaQFvTuCkAcxscFgQ"]}]}},"_links":{"self":[{"href":"https:\/\/cyberexpo3d.com\/en\/wp-json\/wp\/v2\/pages\/169","targetHints":{"allow":["GET"]}}],"collection":[{"href":"https:\/\/cyberexpo3d.com\/en\/wp-json\/wp\/v2\/pages"}],"about":[{"href":"https:\/\/cyberexpo3d.com\/en\/wp-json\/wp\/v2\/types\/page"}],"author":[{"embeddable":true,"href":"https:\/\/cyberexpo3d.com\/en\/wp-json\/wp\/v2\/users\/3"}],"replies":[{"embeddable":true,"href":"https:\/\/cyberexpo3d.com\/en\/wp-json\/wp\/v2\/comments?post=169"}],"version-history":[{"count":175,"href":"https:\/\/cyberexpo3d.com\/en\/wp-json\/wp\/v2\/pages\/169\/revisions"}],"predecessor-version":[{"id":7035,"href":"https:\/\/cyberexpo3d.com\/en\/wp-json\/wp\/v2\/pages\/169\/revisions\/7035"}],"wp:attachment":[{"href":"https:\/\/cyberexpo3d.com\/en\/wp-json\/wp\/v2\/media?parent=169"}],"curies":[{"name":"wp","href":"https:\/\/api.w.org\/{rel}","templated":true}]}}