{"id":6625,"date":"2025-05-26T13:27:27","date_gmt":"2025-05-26T13:27:27","guid":{"rendered":"https:\/\/cyberexpo3d.com\/?page_id=6625"},"modified":"2025-09-18T15:25:37","modified_gmt":"2025-09-18T15:25:37","slug":"notre-plateforme","status":"publish","type":"page","link":"https:\/\/cyberexpo3d.com\/en\/notre-plateforme\/","title":{"rendered":"Notre plateforme"},"content":{"rendered":"<div data-elementor-type=\"wp-page\" data-elementor-id=\"6625\" class=\"elementor elementor-6625\" data-elementor-post-type=\"page\">\n\t\t\t\t<div class=\"elementor-element elementor-element-529ed7a e-con-full e-flex e-con e-parent\" data-id=\"529ed7a\" data-element_type=\"container\" data-settings=\"{&quot;background_background&quot;:&quot;gradient&quot;}\">\n\t\t\t\t<div class=\"elementor-element elementor-element-3583aa2 elementor-widget elementor-widget-heading\" data-id=\"3583aa2\" data-element_type=\"widget\" data-widget_type=\"heading.default\">\n\t\t\t\t<div class=\"elementor-widget-container\">\n\t\t\t\t\t<h2 class=\"elementor-heading-title elementor-size-default\">Notre histoire<\/h2>\t\t\t\t<\/div>\n\t\t\t\t<\/div>\n\t\t<div class=\"elementor-element elementor-element-3135b36 e-con-full e-flex e-con e-child\" data-id=\"3135b36\" data-element_type=\"container\">\n\t\t\t\t<div class=\"elementor-element elementor-element-5f6d536 elementor-widget__width-initial elementor-widget-mobile__width-initial elementor-invisible elementor-widget elementor-widget-text-editor\" data-id=\"5f6d536\" data-element_type=\"widget\" data-settings=\"{&quot;_animation&quot;:&quot;fadeInLeft&quot;}\" data-widget_type=\"text-editor.default\">\n\t\t\t\t<div class=\"elementor-widget-container\">\n\t\t\t\t\t\t\t\t\t<p><span style=\"font-weight: 400;\">Il y a quatre ans, en pleine crise sanitaire, tout s\u2019est arr\u00eat\u00e9.<\/span><span style=\"font-weight: 400;\"><br \/><\/span><span style=\"font-weight: 400;\">Les salons, les rencontres, les \u00e9v\u00e9nements\u2026 du jour au lendemain, plus rien.<\/span><\/p><p><span style=\"font-weight: 400;\">C\u2019est \u00e0 ce moment-l\u00e0 qu\u2019est n\u00e9e <\/span><b>l\u2019id\u00e9e de Cyber Expo 3D<\/b><span style=\"font-weight: 400;\"> :<\/span><span style=\"font-weight: 400;\"><br \/><\/span><span style=\"font-weight: 400;\">et si l\u2019on repensait enti\u00e8rement l\u2019exp\u00e9rience \u00e9v\u00e9nementielle ?<\/span><span style=\"font-weight: 400;\"><br \/><\/span><span style=\"font-weight: 400;\">Pas une simple adaptation du pr\u00e9sentiel au virtuel,<\/span><span style=\"font-weight: 400;\"><br \/><\/span><span style=\"font-weight: 400;\">mais une <\/span><b>nouvelle fa\u00e7on de se r\u00e9unir, de d\u00e9couvrir, d\u2019\u00e9changer.<\/b><\/p><p><span style=\"font-weight: 400;\">Depuis, nous avons investi notre \u00e9nergie dans le d\u00e9veloppement d\u2019une <\/span><b>technologie de pointe<\/b><span style=\"font-weight: 400;\">,\u00a0<\/span><span style=\"font-weight: 400;\">pour cr\u00e9er une plateforme immersive, accessible, fluide, et pens\u00e9e pour tous.<\/span><\/p><p><span style=\"font-weight: 400;\">\u00c0 l\u2019\u00e8re du digital, nous croyons que les salons ont besoin d\u2019un <\/span><b>second souffle<\/b><span style=\"font-weight: 400;\">,<\/span><span style=\"font-weight: 400;\"><br \/><\/span><span style=\"font-weight: 400;\">un format <\/span><b>plus souple<\/b><span style=\"font-weight: 400;\">, <\/span><b>plus humain<\/b><span style=\"font-weight: 400;\">, <\/span><b>plus intelligent<\/b><span style=\"font-weight: 400;\">.<\/span><\/p><p><span style=\"font-weight: 400;\">Avec <\/span><b>Cyber Expo 3D<\/b><span style=\"font-weight: 400;\">, nous voulons redonner aux \u00e9v\u00e9nements pros ce qu\u2019ils m\u00e9ritent :<\/span><span style=\"font-weight: 400;\"><br \/><\/span><span style=\"font-weight: 400;\">de l\u2019impact, du lien, et une vraie exp\u00e9rience.<\/span><\/p>\t\t\t\t\t\t\t\t<\/div>\n\t\t\t\t<\/div>\n\t\t\t\t<div class=\"elementor-element elementor-element-dab600e elementor-invisible elementor-widget elementor-widget-image\" data-id=\"dab600e\" data-element_type=\"widget\" data-settings=\"{&quot;_animation&quot;:&quot;fadeInRight&quot;}\" data-widget_type=\"image.default\">\n\t\t\t\t<div class=\"elementor-widget-container\">\n\t\t\t\t\t\t\t\t\t\t\t\t\t\t\t<img fetchpriority=\"high\" decoding=\"async\" width=\"800\" height=\"413\" src=\"https:\/\/cyberexpo3d.com\/wp-content\/uploads\/2025\/09\/Capture-decran-2025-09-15-a-16.28.22-1024x529.png\" class=\"attachment-large size-large wp-image-6908\" alt=\"\" srcset=\"https:\/\/cyberexpo3d.com\/wp-content\/uploads\/2025\/09\/Capture-decran-2025-09-15-a-16.28.22-1024x529.png 1024w, https:\/\/cyberexpo3d.com\/wp-content\/uploads\/2025\/09\/Capture-decran-2025-09-15-a-16.28.22-300x155.png 300w, https:\/\/cyberexpo3d.com\/wp-content\/uploads\/2025\/09\/Capture-decran-2025-09-15-a-16.28.22-768x397.png 768w, https:\/\/cyberexpo3d.com\/wp-content\/uploads\/2025\/09\/Capture-decran-2025-09-15-a-16.28.22-1536x794.png 1536w, https:\/\/cyberexpo3d.com\/wp-content\/uploads\/2025\/09\/Capture-decran-2025-09-15-a-16.28.22-2048x1059.png 2048w, https:\/\/cyberexpo3d.com\/wp-content\/uploads\/2025\/09\/Capture-decran-2025-09-15-a-16.28.22-18x9.png 18w, https:\/\/cyberexpo3d.com\/wp-content\/uploads\/2025\/09\/Capture-decran-2025-09-15-a-16.28.22-600x310.png 600w\" sizes=\"(max-width: 800px) 100vw, 800px\" \/>\t\t\t\t\t\t\t\t\t\t\t\t\t\t\t<\/div>\n\t\t\t\t<\/div>\n\t\t\t\t<\/div>\n\t\t\t\t<\/div>\n\t\t<div class=\"elementor-element elementor-element-d3f141e e-flex e-con-boxed e-con e-parent\" data-id=\"d3f141e\" data-element_type=\"container\" data-settings=\"{&quot;background_background&quot;:&quot;gradient&quot;,&quot;motion_fx_motion_fx_scrolling&quot;:&quot;yes&quot;,&quot;motion_fx_translateY_effect&quot;:&quot;yes&quot;,&quot;motion_fx_translateY_speed&quot;:{&quot;unit&quot;:&quot;px&quot;,&quot;size&quot;:4,&quot;sizes&quot;:[]},&quot;motion_fx_translateY_affectedRange&quot;:{&quot;unit&quot;:&quot;%&quot;,&quot;size&quot;:&quot;&quot;,&quot;sizes&quot;:{&quot;start&quot;:0,&quot;end&quot;:100}},&quot;motion_fx_devices&quot;:[&quot;desktop&quot;,&quot;tablet&quot;,&quot;mobile&quot;]}\">\n\t\t\t\t\t<div class=\"e-con-inner\">\n\t\t<div class=\"elementor-element elementor-element-7ff2347 e-con-full e-flex e-con e-child\" data-id=\"7ff2347\" data-element_type=\"container\">\n\t\t\t\t<div class=\"elementor-element elementor-element-1da04f0 elementor-widget elementor-widget-heading\" data-id=\"1da04f0\" data-element_type=\"widget\" data-widget_type=\"heading.default\">\n\t\t\t\t<div class=\"elementor-widget-container\">\n\t\t\t\t\t<h2 class=\"elementor-heading-title elementor-size-default\">Notre vision<\/h2>\t\t\t\t<\/div>\n\t\t\t\t<\/div>\n\t\t\t\t<div class=\"elementor-element elementor-element-92033c8 elementor-widget elementor-widget-text-editor\" data-id=\"92033c8\" data-element_type=\"widget\" data-widget_type=\"text-editor.default\">\n\t\t\t\t<div class=\"elementor-widget-container\">\n\t\t\t\t\t\t\t\t\t<p><span style=\"font-weight: 400;\">Devenir la r\u00e9f\u00e9rence mondiale des salons virtuels, o\u00f9 chaque entreprise peut exposer ses produits et services de mani\u00e8re unique et engageante, tout en atteignant un public global.<\/span><\/p>\t\t\t\t\t\t\t\t<\/div>\n\t\t\t\t<\/div>\n\t\t\t\t<div class=\"elementor-element elementor-element-b32b5ab elementor-widget elementor-widget-heading\" data-id=\"b32b5ab\" data-element_type=\"widget\" data-widget_type=\"heading.default\">\n\t\t\t\t<div class=\"elementor-widget-container\">\n\t\t\t\t\t<h2 class=\"elementor-heading-title elementor-size-default\">Nos avantages<\/h2>\t\t\t\t<\/div>\n\t\t\t\t<\/div>\n\t\t\t\t<\/div>\n\t\t<div class=\"elementor-element elementor-element-e2bff82 e-con-full e-flex e-con e-child\" data-id=\"e2bff82\" data-element_type=\"container\">\n\t\t<div class=\"elementor-element elementor-element-bcb241c e-con-full e-flex e-con e-child\" data-id=\"bcb241c\" data-element_type=\"container\">\n\t\t\t\t<div class=\"elementor-element elementor-element-f558574 elementor-view-default elementor-widget elementor-widget-icon\" data-id=\"f558574\" data-element_type=\"widget\" data-widget_type=\"icon.default\">\n\t\t\t\t<div class=\"elementor-widget-container\">\n\t\t\t\t\t\t\t<div class=\"elementor-icon-wrapper\">\n\t\t\t<div class=\"elementor-icon\">\n\t\t\t<i aria-hidden=\"true\" class=\"xi xi-360\"><\/i>\t\t\t<\/div>\n\t\t<\/div>\n\t\t\t\t\t\t<\/div>\n\t\t\t\t<\/div>\n\t\t\t\t<div class=\"elementor-element elementor-element-178d0ea elementor-widget elementor-widget-heading\" data-id=\"178d0ea\" data-element_type=\"widget\" data-widget_type=\"heading.default\">\n\t\t\t\t<div class=\"elementor-widget-container\">\n\t\t\t\t\t<h2 class=\"elementor-heading-title elementor-size-default\">Plateforme 3D immersive et personnalisable\n<\/h2>\t\t\t\t<\/div>\n\t\t\t\t<\/div>\n\t\t\t\t<\/div>\n\t\t<div class=\"elementor-element elementor-element-d24afcb e-con-full e-flex e-con e-child\" data-id=\"d24afcb\" data-element_type=\"container\">\n\t\t\t\t<div class=\"elementor-element elementor-element-2a267df elementor-view-default elementor-widget elementor-widget-icon\" data-id=\"2a267df\" data-element_type=\"widget\" data-widget_type=\"icon.default\">\n\t\t\t\t<div class=\"elementor-widget-container\">\n\t\t\t\t\t\t\t<div class=\"elementor-icon-wrapper\">\n\t\t\t<div class=\"elementor-icon\">\n\t\t\t<i aria-hidden=\"true\" class=\"xi xi-desktop\"><\/i>\t\t\t<\/div>\n\t\t<\/div>\n\t\t\t\t\t\t<\/div>\n\t\t\t\t<\/div>\n\t\t\t\t<div class=\"elementor-element elementor-element-cbe96bf elementor-widget elementor-widget-heading\" data-id=\"cbe96bf\" data-element_type=\"widget\" data-widget_type=\"heading.default\">\n\t\t\t\t<div class=\"elementor-widget-container\">\n\t\t\t\t\t<h2 class=\"elementor-heading-title elementor-size-default\">Acc\u00e8s sans t\u00e9l\u00e9chargement, 100 % web<\/h2>\t\t\t\t<\/div>\n\t\t\t\t<\/div>\n\t\t\t\t<\/div>\n\t\t<div class=\"elementor-element elementor-element-6b0b428 e-con-full e-flex e-con e-child\" data-id=\"6b0b428\" data-element_type=\"container\">\n\t\t\t\t<div class=\"elementor-element elementor-element-4c92ab3 elementor-view-default elementor-widget elementor-widget-icon\" data-id=\"4c92ab3\" data-element_type=\"widget\" data-widget_type=\"icon.default\">\n\t\t\t\t<div class=\"elementor-widget-container\">\n\t\t\t\t\t\t\t<div class=\"elementor-icon-wrapper\">\n\t\t\t<div class=\"elementor-icon\">\n\t\t\t<i aria-hidden=\"true\" class=\"xi xi-circles\"><\/i>\t\t\t<\/div>\n\t\t<\/div>\n\t\t\t\t\t\t<\/div>\n\t\t\t\t<\/div>\n\t\t\t\t<div class=\"elementor-element elementor-element-9dafcc5 elementor-widget elementor-widget-heading\" data-id=\"9dafcc5\" data-element_type=\"widget\" data-widget_type=\"heading.default\">\n\t\t\t\t<div class=\"elementor-widget-container\">\n\t\t\t\t\t<h2 class=\"elementor-heading-title elementor-size-default\">Exp\u00e9rience pens\u00e9e pour tous les profils utilisateurs<\/h2>\t\t\t\t<\/div>\n\t\t\t\t<\/div>\n\t\t\t\t<\/div>\n\t\t\t\t<\/div>\n\t\t<div class=\"elementor-element elementor-element-6f01791 e-con-full e-flex e-con e-child\" data-id=\"6f01791\" data-element_type=\"container\">\n\t\t<div class=\"elementor-element elementor-element-77cf19d e-con-full e-flex e-con e-child\" data-id=\"77cf19d\" data-element_type=\"container\">\n\t\t\t\t<div class=\"elementor-element elementor-element-3ebd984 elementor-view-default elementor-widget elementor-widget-icon\" data-id=\"3ebd984\" data-element_type=\"widget\" data-widget_type=\"icon.default\">\n\t\t\t\t<div class=\"elementor-widget-container\">\n\t\t\t\t\t\t\t<div class=\"elementor-icon-wrapper\">\n\t\t\t<div class=\"elementor-icon\">\n\t\t\t<i aria-hidden=\"true\" class=\"xi xi-accounts\"><\/i>\t\t\t<\/div>\n\t\t<\/div>\n\t\t\t\t\t\t<\/div>\n\t\t\t\t<\/div>\n\t\t\t\t<div class=\"elementor-element elementor-element-0b65808 elementor-widget elementor-widget-heading\" data-id=\"0b65808\" data-element_type=\"widget\" data-widget_type=\"heading.default\">\n\t\t\t\t<div class=\"elementor-widget-container\">\n\t\t\t\t\t<h2 class=\"elementor-heading-title elementor-size-default\">Un accompagnement humain \u00e0 chaque \u00e9tape<\/h2>\t\t\t\t<\/div>\n\t\t\t\t<\/div>\n\t\t\t\t<\/div>\n\t\t<div class=\"elementor-element elementor-element-43e82ae e-con-full e-flex e-con e-child\" data-id=\"43e82ae\" data-element_type=\"container\">\n\t\t\t\t<div class=\"elementor-element elementor-element-849ec99 elementor-view-default elementor-widget elementor-widget-icon\" data-id=\"849ec99\" data-element_type=\"widget\" data-widget_type=\"icon.default\">\n\t\t\t\t<div class=\"elementor-widget-container\">\n\t\t\t\t\t\t\t<div class=\"elementor-icon-wrapper\">\n\t\t\t<div class=\"elementor-icon\">\n\t\t\t<i aria-hidden=\"true\" class=\"xi xi-clock\"><\/i>\t\t\t<\/div>\n\t\t<\/div>\n\t\t\t\t\t\t<\/div>\n\t\t\t\t<\/div>\n\t\t\t\t<div class=\"elementor-element elementor-element-5bd50d3 elementor-widget elementor-widget-heading\" data-id=\"5bd50d3\" data-element_type=\"widget\" data-widget_type=\"heading.default\">\n\t\t\t\t<div class=\"elementor-widget-container\">\n\t\t\t\t\t<h2 class=\"elementor-heading-title elementor-size-default\">Interactivit\u00e9 en temps r\u00e9el<\/h2>\t\t\t\t<\/div>\n\t\t\t\t<\/div>\n\t\t\t\t<\/div>\n\t\t<div class=\"elementor-element elementor-element-f54d445 e-con-full e-flex e-con e-child\" data-id=\"f54d445\" data-element_type=\"container\">\n\t\t\t\t<div class=\"elementor-element elementor-element-2f95930 elementor-view-default elementor-widget elementor-widget-icon\" data-id=\"2f95930\" data-element_type=\"widget\" data-widget_type=\"icon.default\">\n\t\t\t\t<div class=\"elementor-widget-container\">\n\t\t\t\t\t\t\t<div class=\"elementor-icon-wrapper\">\n\t\t\t<div class=\"elementor-icon\">\n\t\t\t<i aria-hidden=\"true\" class=\"xi xi-chart\"><\/i>\t\t\t<\/div>\n\t\t<\/div>\n\t\t\t\t\t\t<\/div>\n\t\t\t\t<\/div>\n\t\t\t\t<div class=\"elementor-element elementor-element-ebd9e66 elementor-widget elementor-widget-heading\" data-id=\"ebd9e66\" data-element_type=\"widget\" data-widget_type=\"heading.default\">\n\t\t\t\t<div class=\"elementor-widget-container\">\n\t\t\t\t\t<h2 class=\"elementor-heading-title elementor-size-default\">Statistiques d\u00e9taill\u00e9es et mesurables<\/h2>\t\t\t\t<\/div>\n\t\t\t\t<\/div>\n\t\t\t\t<\/div>\n\t\t\t\t<\/div>\n\t\t\t\t\t<\/div>\n\t\t\t\t<\/div>\n\t\t\t\t<\/div>","protected":false},"excerpt":{"rendered":"<p>Notre histoire Il y a quatre ans, en pleine crise sanitaire, tout s\u2019est arr\u00eat\u00e9.Les salons, les rencontres, les \u00e9v\u00e9nements\u2026 du jour au lendemain, plus rien. C\u2019est \u00e0 ce moment-l\u00e0 qu\u2019est n\u00e9e l\u2019id\u00e9e de Cyber Expo 3D :et si l\u2019on repensait enti\u00e8rement l\u2019exp\u00e9rience \u00e9v\u00e9nementielle ?Pas une simple adaptation du pr\u00e9sentiel au virtuel,mais une nouvelle fa\u00e7on de [&hellip;]<\/p>","protected":false},"author":2,"featured_media":0,"parent":0,"menu_order":0,"comment_status":"closed","ping_status":"closed","template":"","meta":{"_eb_attr":"","footnotes":""},"class_list":["post-6625","page","type-page","status-publish","hentry"],"yoast_head":"<!-- This site is optimized with the Yoast SEO plugin v26.2 - https:\/\/yoast.com\/wordpress\/plugins\/seo\/ -->\n<title>Notre plateforme - Cyber Expo 3D<\/title>\n<meta name=\"robots\" content=\"index, follow, max-snippet:-1, max-image-preview:large, max-video-preview:-1\" \/>\n<link rel=\"canonical\" href=\"https:\/\/cyberexpo3d.com\/en\/notre-plateforme\/\" \/>\n<meta property=\"og:locale\" content=\"en_GB\" \/>\n<meta property=\"og:type\" content=\"article\" \/>\n<meta property=\"og:title\" content=\"Notre plateforme - Cyber Expo 3D\" \/>\n<meta property=\"og:description\" content=\"Notre histoire Il y a quatre ans, en pleine crise sanitaire, tout s\u2019est arr\u00eat\u00e9.Les salons, les rencontres, les \u00e9v\u00e9nements\u2026 du jour au lendemain, plus rien. C\u2019est \u00e0 ce moment-l\u00e0 qu\u2019est n\u00e9e l\u2019id\u00e9e de Cyber Expo 3D :et si l\u2019on repensait enti\u00e8rement l\u2019exp\u00e9rience \u00e9v\u00e9nementielle ?Pas une simple adaptation du pr\u00e9sentiel au virtuel,mais une nouvelle fa\u00e7on de [&hellip;]\" \/>\n<meta property=\"og:url\" content=\"https:\/\/cyberexpo3d.com\/en\/notre-plateforme\/\" \/>\n<meta property=\"og:site_name\" content=\"Cyber Expo 3D\" \/>\n<meta property=\"article:publisher\" content=\"https:\/\/www.facebook.com\/profile.php?id=61568138104774\" \/>\n<meta property=\"article:modified_time\" content=\"2025-09-18T15:25:37+00:00\" \/>\n<meta property=\"og:image\" content=\"https:\/\/cyberexpo3d.com\/wp-content\/uploads\/2025\/09\/Capture-decran-2025-09-15-a-16.28.22-1024x529.png\" \/>\n\t<meta property=\"og:image:width\" content=\"1024\" \/>\n\t<meta property=\"og:image:height\" content=\"529\" \/>\n\t<meta property=\"og:image:type\" content=\"image\/png\" \/>\n<meta name=\"twitter:card\" content=\"summary_large_image\" \/>\n<meta name=\"twitter:label1\" content=\"Estimated reading time\" \/>\n\t<meta name=\"twitter:data1\" content=\"2 minutes\" \/>\n<script type=\"application\/ld+json\" class=\"yoast-schema-graph\">{\"@context\":\"https:\/\/schema.org\",\"@graph\":[{\"@type\":\"WebPage\",\"@id\":\"https:\/\/cyberexpo3d.com\/notre-plateforme\/\",\"url\":\"https:\/\/cyberexpo3d.com\/notre-plateforme\/\",\"name\":\"Notre plateforme - Cyber Expo 3D\",\"isPartOf\":{\"@id\":\"https:\/\/cyberexpo3d.com\/#website\"},\"primaryImageOfPage\":{\"@id\":\"https:\/\/cyberexpo3d.com\/notre-plateforme\/#primaryimage\"},\"image\":{\"@id\":\"https:\/\/cyberexpo3d.com\/notre-plateforme\/#primaryimage\"},\"thumbnailUrl\":\"https:\/\/cyberexpo3d.com\/wp-content\/uploads\/2025\/09\/Capture-decran-2025-09-15-a-16.28.22-1024x529.png\",\"datePublished\":\"2025-05-26T13:27:27+00:00\",\"dateModified\":\"2025-09-18T15:25:37+00:00\",\"breadcrumb\":{\"@id\":\"https:\/\/cyberexpo3d.com\/notre-plateforme\/#breadcrumb\"},\"inLanguage\":\"en-GB\",\"potentialAction\":[{\"@type\":\"ReadAction\",\"target\":[\"https:\/\/cyberexpo3d.com\/notre-plateforme\/\"]}]},{\"@type\":\"ImageObject\",\"inLanguage\":\"en-GB\",\"@id\":\"https:\/\/cyberexpo3d.com\/notre-plateforme\/#primaryimage\",\"url\":\"https:\/\/cyberexpo3d.com\/wp-content\/uploads\/2025\/09\/Capture-decran-2025-09-15-a-16.28.22-1024x529.png\",\"contentUrl\":\"https:\/\/cyberexpo3d.com\/wp-content\/uploads\/2025\/09\/Capture-decran-2025-09-15-a-16.28.22-1024x529.png\"},{\"@type\":\"BreadcrumbList\",\"@id\":\"https:\/\/cyberexpo3d.com\/notre-plateforme\/#breadcrumb\",\"itemListElement\":[{\"@type\":\"ListItem\",\"position\":1,\"name\":\"Accueil\",\"item\":\"https:\/\/cyberexpo3d.com\/\"},{\"@type\":\"ListItem\",\"position\":2,\"name\":\"Notre plateforme\"}]},{\"@type\":\"WebSite\",\"@id\":\"https:\/\/cyberexpo3d.com\/#website\",\"url\":\"https:\/\/cyberexpo3d.com\/\",\"name\":\"Cyber Expo 3D\",\"description\":\"Votre salon en ligne, sans effort et sans limites.\",\"publisher\":{\"@id\":\"https:\/\/cyberexpo3d.com\/#organization\"},\"potentialAction\":[{\"@type\":\"SearchAction\",\"target\":{\"@type\":\"EntryPoint\",\"urlTemplate\":\"https:\/\/cyberexpo3d.com\/?s={search_term_string}\"},\"query-input\":{\"@type\":\"PropertyValueSpecification\",\"valueRequired\":true,\"valueName\":\"search_term_string\"}}],\"inLanguage\":\"en-GB\"},{\"@type\":\"Organization\",\"@id\":\"https:\/\/cyberexpo3d.com\/#organization\",\"name\":\"Cyber Expo 3D\",\"url\":\"https:\/\/cyberexpo3d.com\/\",\"logo\":{\"@type\":\"ImageObject\",\"inLanguage\":\"en-GB\",\"@id\":\"https:\/\/cyberexpo3d.com\/#\/schema\/logo\/image\/\",\"url\":\"https:\/\/cyberexpo3d.com\/wp-content\/uploads\/2025\/01\/test-122.png\",\"contentUrl\":\"https:\/\/cyberexpo3d.com\/wp-content\/uploads\/2025\/01\/test-122.png\",\"width\":3156,\"height\":1412,\"caption\":\"Cyber Expo 3D\"},\"image\":{\"@id\":\"https:\/\/cyberexpo3d.com\/#\/schema\/logo\/image\/\"},\"sameAs\":[\"https:\/\/www.facebook.com\/profile.php?id=61568138104774\",\"https:\/\/www.youtube.com\/channel\/UCkWCeOSaQFvTuCkAcxscFgQ\"]}]}<\/script>\n<!-- \/ Yoast SEO plugin. -->","yoast_head_json":{"title":"Notre plateforme - Cyber Expo 3D","robots":{"index":"index","follow":"follow","max-snippet":"max-snippet:-1","max-image-preview":"max-image-preview:large","max-video-preview":"max-video-preview:-1"},"canonical":"https:\/\/cyberexpo3d.com\/en\/notre-plateforme\/","og_locale":"en_GB","og_type":"article","og_title":"Notre plateforme - Cyber Expo 3D","og_description":"Notre histoire Il y a quatre ans, en pleine crise sanitaire, tout s\u2019est arr\u00eat\u00e9.Les salons, les rencontres, les \u00e9v\u00e9nements\u2026 du jour au lendemain, plus rien. C\u2019est \u00e0 ce moment-l\u00e0 qu\u2019est n\u00e9e l\u2019id\u00e9e de Cyber Expo 3D :et si l\u2019on repensait enti\u00e8rement l\u2019exp\u00e9rience \u00e9v\u00e9nementielle ?Pas une simple adaptation du pr\u00e9sentiel au virtuel,mais une nouvelle fa\u00e7on de [&hellip;]","og_url":"https:\/\/cyberexpo3d.com\/en\/notre-plateforme\/","og_site_name":"Cyber Expo 3D","article_publisher":"https:\/\/www.facebook.com\/profile.php?id=61568138104774","article_modified_time":"2025-09-18T15:25:37+00:00","og_image":[{"width":1024,"height":529,"url":"https:\/\/cyberexpo3d.com\/wp-content\/uploads\/2025\/09\/Capture-decran-2025-09-15-a-16.28.22-1024x529.png","type":"image\/png"}],"twitter_card":"summary_large_image","twitter_misc":{"Estimated reading time":"2 minutes"},"schema":{"@context":"https:\/\/schema.org","@graph":[{"@type":"WebPage","@id":"https:\/\/cyberexpo3d.com\/notre-plateforme\/","url":"https:\/\/cyberexpo3d.com\/notre-plateforme\/","name":"Notre plateforme - Cyber Expo 3D","isPartOf":{"@id":"https:\/\/cyberexpo3d.com\/#website"},"primaryImageOfPage":{"@id":"https:\/\/cyberexpo3d.com\/notre-plateforme\/#primaryimage"},"image":{"@id":"https:\/\/cyberexpo3d.com\/notre-plateforme\/#primaryimage"},"thumbnailUrl":"https:\/\/cyberexpo3d.com\/wp-content\/uploads\/2025\/09\/Capture-decran-2025-09-15-a-16.28.22-1024x529.png","datePublished":"2025-05-26T13:27:27+00:00","dateModified":"2025-09-18T15:25:37+00:00","breadcrumb":{"@id":"https:\/\/cyberexpo3d.com\/notre-plateforme\/#breadcrumb"},"inLanguage":"en-GB","potentialAction":[{"@type":"ReadAction","target":["https:\/\/cyberexpo3d.com\/notre-plateforme\/"]}]},{"@type":"ImageObject","inLanguage":"en-GB","@id":"https:\/\/cyberexpo3d.com\/notre-plateforme\/#primaryimage","url":"https:\/\/cyberexpo3d.com\/wp-content\/uploads\/2025\/09\/Capture-decran-2025-09-15-a-16.28.22-1024x529.png","contentUrl":"https:\/\/cyberexpo3d.com\/wp-content\/uploads\/2025\/09\/Capture-decran-2025-09-15-a-16.28.22-1024x529.png"},{"@type":"BreadcrumbList","@id":"https:\/\/cyberexpo3d.com\/notre-plateforme\/#breadcrumb","itemListElement":[{"@type":"ListItem","position":1,"name":"Accueil","item":"https:\/\/cyberexpo3d.com\/"},{"@type":"ListItem","position":2,"name":"Notre plateforme"}]},{"@type":"WebSite","@id":"https:\/\/cyberexpo3d.com\/#website","url":"https:\/\/cyberexpo3d.com\/","name":"Cyber Expo 3D","description":"Votre salon en ligne, sans effort et sans limites.","publisher":{"@id":"https:\/\/cyberexpo3d.com\/#organization"},"potentialAction":[{"@type":"SearchAction","target":{"@type":"EntryPoint","urlTemplate":"https:\/\/cyberexpo3d.com\/?s={search_term_string}"},"query-input":{"@type":"PropertyValueSpecification","valueRequired":true,"valueName":"search_term_string"}}],"inLanguage":"en-GB"},{"@type":"Organization","@id":"https:\/\/cyberexpo3d.com\/#organization","name":"Cyber Expo 3D","url":"https:\/\/cyberexpo3d.com\/","logo":{"@type":"ImageObject","inLanguage":"en-GB","@id":"https:\/\/cyberexpo3d.com\/#\/schema\/logo\/image\/","url":"https:\/\/cyberexpo3d.com\/wp-content\/uploads\/2025\/01\/test-122.png","contentUrl":"https:\/\/cyberexpo3d.com\/wp-content\/uploads\/2025\/01\/test-122.png","width":3156,"height":1412,"caption":"Cyber Expo 3D"},"image":{"@id":"https:\/\/cyberexpo3d.com\/#\/schema\/logo\/image\/"},"sameAs":["https:\/\/www.facebook.com\/profile.php?id=61568138104774","https:\/\/www.youtube.com\/channel\/UCkWCeOSaQFvTuCkAcxscFgQ"]}]}},"_links":{"self":[{"href":"https:\/\/cyberexpo3d.com\/en\/wp-json\/wp\/v2\/pages\/6625","targetHints":{"allow":["GET"]}}],"collection":[{"href":"https:\/\/cyberexpo3d.com\/en\/wp-json\/wp\/v2\/pages"}],"about":[{"href":"https:\/\/cyberexpo3d.com\/en\/wp-json\/wp\/v2\/types\/page"}],"author":[{"embeddable":true,"href":"https:\/\/cyberexpo3d.com\/en\/wp-json\/wp\/v2\/users\/2"}],"replies":[{"embeddable":true,"href":"https:\/\/cyberexpo3d.com\/en\/wp-json\/wp\/v2\/comments?post=6625"}],"version-history":[{"count":52,"href":"https:\/\/cyberexpo3d.com\/en\/wp-json\/wp\/v2\/pages\/6625\/revisions"}],"predecessor-version":[{"id":7062,"href":"https:\/\/cyberexpo3d.com\/en\/wp-json\/wp\/v2\/pages\/6625\/revisions\/7062"}],"wp:attachment":[{"href":"https:\/\/cyberexpo3d.com\/en\/wp-json\/wp\/v2\/media?parent=6625"}],"curies":[{"name":"wp","href":"https:\/\/api.w.org\/{rel}","templated":true}]}}