{"id":6628,"date":"2025-05-26T13:29:42","date_gmt":"2025-05-26T13:29:42","guid":{"rendered":"https:\/\/cyberexpo3d.com\/?page_id=6628"},"modified":"2025-09-18T15:26:11","modified_gmt":"2025-09-18T15:26:11","slug":"accompagnement","status":"publish","type":"page","link":"https:\/\/cyberexpo3d.com\/en\/accompagnement\/","title":{"rendered":"Tutoriels"},"content":{"rendered":"<div data-elementor-type=\"wp-page\" data-elementor-id=\"6628\" class=\"elementor elementor-6628\" data-elementor-post-type=\"page\">\n\t\t\t\t<div class=\"elementor-element elementor-element-9d8c88b e-flex e-con-boxed e-con e-parent\" data-id=\"9d8c88b\" data-element_type=\"container\" data-settings=\"{&quot;background_background&quot;:&quot;gradient&quot;}\">\n\t\t\t\t\t<div class=\"e-con-inner\">\n\t\t\t\t<div class=\"elementor-element elementor-element-f07b100 elementor-widget elementor-widget-heading\" data-id=\"f07b100\" data-element_type=\"widget\" data-widget_type=\"heading.default\">\n\t\t\t\t<div class=\"elementor-widget-container\">\n\t\t\t\t\t<h2 class=\"elementor-heading-title elementor-size-default\">Un accompagnement humain et personnalis\u00e9<\/h2>\t\t\t\t<\/div>\n\t\t\t\t<\/div>\n\t\t\t\t<div class=\"elementor-element elementor-element-5a1f005 elementor-widget elementor-widget-text-editor\" data-id=\"5a1f005\" data-element_type=\"widget\" data-widget_type=\"text-editor.default\">\n\t\t\t\t<div class=\"elementor-widget-container\">\n\t\t\t\t\t\t\t\t\t<p><span style=\"font-weight: 400;\">Avec Cyber Expo, vous b\u00e9n\u00e9ficiez d\u2019un suivi personnalis\u00e9 \u00e0 chaque \u00e9tape. De la pr\u00e9paration au bilan final, notre \u00e9quipe vous apporte conseils pratiques, support technique r\u00e9actif et recommandations strat\u00e9giques pour assurer la r\u00e9ussite de votre \u00e9v\u00e9nement virtuel<\/span><\/p>\t\t\t\t\t\t\t\t<\/div>\n\t\t\t\t<\/div>\n\t\t\t\t\t<\/div>\n\t\t\t\t<\/div>\n\t\t<div class=\"elementor-element elementor-element-6dee811 e-con-full e-flex e-con e-parent\" data-id=\"6dee811\" data-element_type=\"container\">\n\t\t<div class=\"elementor-element elementor-element-09c4948 e-grid e-con-boxed e-con e-child\" data-id=\"09c4948\" data-element_type=\"container\">\n\t\t\t\t\t<div class=\"e-con-inner\">\n\t\t\t\t<div class=\"elementor-element elementor-element-99878af elementor-widget elementor-widget-heading\" data-id=\"99878af\" data-element_type=\"widget\" data-widget_type=\"heading.default\">\n\t\t\t\t<div class=\"elementor-widget-container\">\n\t\t\t\t\t<h2 class=\"elementor-heading-title elementor-size-default\">Organisateur<\/h2>\t\t\t\t<\/div>\n\t\t\t\t<\/div>\n\t\t\t\t<div class=\"elementor-element elementor-element-5884762 elementor-widget elementor-widget-heading\" data-id=\"5884762\" data-element_type=\"widget\" data-widget_type=\"heading.default\">\n\t\t\t\t<div class=\"elementor-widget-container\">\n\t\t\t\t\t<h2 class=\"elementor-heading-title elementor-size-default\">Exhibitor<\/h2>\t\t\t\t<\/div>\n\t\t\t\t<\/div>\n\t\t\t\t\t<\/div>\n\t\t\t\t<\/div>\n\t\t<div class=\"elementor-element elementor-element-f1c4686 e-flex e-con-boxed e-con e-child\" data-id=\"f1c4686\" data-element_type=\"container\">\n\t\t\t\t\t<div class=\"e-con-inner\">\n\t\t\t\t<div class=\"elementor-element elementor-element-f83e86c elementor-widget__width-initial elementor-widget-mobile__width-initial elementor-widget elementor-widget-video\" data-id=\"f83e86c\" data-element_type=\"widget\" data-settings=\"{&quot;video_type&quot;:&quot;hosted&quot;,&quot;show_image_overlay&quot;:&quot;yes&quot;,&quot;image_overlay&quot;:{&quot;url&quot;:&quot;https:\\\/\\\/cyberexpo3d.com\\\/wp-content\\\/uploads\\\/2025\\\/09\\\/Gemini_Generated_Image_qh0v2yqh0v2yqh0v.png&quot;,&quot;id&quot;:6897,&quot;size&quot;:&quot;&quot;,&quot;alt&quot;:&quot;&quot;,&quot;source&quot;:&quot;library&quot;},&quot;controls&quot;:&quot;yes&quot;}\" data-widget_type=\"video.default\">\n\t\t\t\t<div class=\"elementor-widget-container\">\n\t\t\t\t\t\t\t<div class=\"e-hosted-video elementor-wrapper elementor-open-inline\">\n\t\t\t\t\t<video class=\"elementor-video\" src=\"https:\/\/cyberexpo3d.com\/wp-content\/uploads\/2025\/09\/Avatar-IV-Video-1.mp4\" controls=\"\" preload=\"metadata\" controlslist=\"nodownload\"><\/video>\n\t\t\t\t\t\t<div class=\"elementor-custom-embed-image-overlay\" style=\"background-image: url(https:\/\/cyberexpo3d.com\/wp-content\/uploads\/2025\/09\/Gemini_Generated_Image_qh0v2yqh0v2yqh0v.png);\">\n\t\t\t\t\t\t\t\t\t\t\t\t\t\t\t\t<div class=\"elementor-custom-embed-play\" role=\"button\" aria-label=\"Lire la vid\u00e9o\" tabindex=\"0\">\n\t\t\t\t\t\t\t<svg aria-hidden=\"true\" class=\"e-font-icon-svg e-eicon-play\" viewbox=\"0 0 1000 1000\" xmlns=\"http:\/\/www.w3.org\/2000\/svg\"><path d=\"M838 162C746 71 633 25 500 25 371 25 258 71 163 162 71 254 25 367 25 500 25 633 71 746 163 837 254 929 367 979 500 979 633 979 746 933 838 837 929 746 975 633 975 500 975 367 929 254 838 162M808 192C892 279 933 379 933 500 933 621 892 725 808 808 725 892 621 938 500 938 379 938 279 896 196 808 113 725 67 621 67 500 67 379 108 279 196 192 279 108 383 62 500 62 621 62 721 108 808 192M438 392V642L642 517 438 392Z\"><\/path><\/svg>\t\t\t\t\t\t<\/div>\n\t\t\t\t\t\t\t\t\t<\/div>\n\t\t\t\t\t<\/div>\n\t\t\t\t\t\t<\/div>\n\t\t\t\t<\/div>\n\t\t\t\t<div class=\"elementor-element elementor-element-0e28120 elementor-widget elementor-widget-video\" data-id=\"0e28120\" data-element_type=\"widget\" data-settings=\"{&quot;video_type&quot;:&quot;hosted&quot;,&quot;controls&quot;:&quot;yes&quot;}\" data-widget_type=\"video.default\">\n\t\t\t\t<div class=\"elementor-widget-container\">\n\t\t\t\t\t\t\t<div class=\"e-hosted-video elementor-wrapper elementor-open-inline\">\n\t\t\t\t\t<video class=\"elementor-video\" src=\"https:\/\/cyberexpo3d.com\/wp-content\/uploads\/2025\/09\/Avatar-IV-Video-2.mp4\" controls=\"\" preload=\"metadata\" controlslist=\"nodownload\" poster=\"https:\/\/cyberexpo3d.com\/wp-content\/uploads\/2025\/09\/Gemini_Generated_Image_lt0r80lt0r80lt0r.png\"><\/video>\n\t\t\t\t<\/div>\n\t\t\t\t\t\t<\/div>\n\t\t\t\t<\/div>\n\t\t\t\t\t<\/div>\n\t\t\t\t<\/div>\n\t\t\t\t<\/div>\n\t\t\t\t<\/div>","protected":false},"excerpt":{"rendered":"<p>Un accompagnement humain et personnalis\u00e9 Avec Cyber Expo, vous b\u00e9n\u00e9ficiez d\u2019un suivi personnalis\u00e9 \u00e0 chaque \u00e9tape. De la pr\u00e9paration au bilan final, notre \u00e9quipe vous apporte conseils pratiques, support technique r\u00e9actif et recommandations strat\u00e9giques pour assurer la r\u00e9ussite de votre \u00e9v\u00e9nement virtuel Organisateur Exposant https:\/\/cyberexpo3d.com\/wp-content\/uploads\/2025\/09\/Avatar-IV-Video-1.mp4https:\/\/cyberexpo3d.com\/wp-content\/uploads\/2025\/09\/Avatar-IV-Video-2.mp4<\/p>","protected":false},"author":2,"featured_media":0,"parent":0,"menu_order":0,"comment_status":"closed","ping_status":"closed","template":"","meta":{"_eb_attr":"","footnotes":""},"class_list":["post-6628","page","type-page","status-publish","hentry"],"yoast_head":"<!-- This site is optimized with the Yoast SEO plugin v26.2 - https:\/\/yoast.com\/wordpress\/plugins\/seo\/ -->\n<title>Tutoriels - Cyber Expo 3D<\/title>\n<meta name=\"robots\" content=\"index, follow, max-snippet:-1, max-image-preview:large, max-video-preview:-1\" \/>\n<link rel=\"canonical\" href=\"https:\/\/cyberexpo3d.com\/en\/accompagnement\/\" \/>\n<meta property=\"og:locale\" content=\"en_GB\" \/>\n<meta property=\"og:type\" content=\"article\" \/>\n<meta property=\"og:title\" content=\"Tutoriels - Cyber Expo 3D\" \/>\n<meta property=\"og:description\" content=\"Un accompagnement humain et personnalis\u00e9 Avec Cyber Expo, vous b\u00e9n\u00e9ficiez d\u2019un suivi personnalis\u00e9 \u00e0 chaque \u00e9tape. De la pr\u00e9paration au bilan final, notre \u00e9quipe vous apporte conseils pratiques, support technique r\u00e9actif et recommandations strat\u00e9giques pour assurer la r\u00e9ussite de votre \u00e9v\u00e9nement virtuel Organisateur Exposant https:\/\/cyberexpo3d.com\/wp-content\/uploads\/2025\/09\/Avatar-IV-Video-1.mp4https:\/\/cyberexpo3d.com\/wp-content\/uploads\/2025\/09\/Avatar-IV-Video-2.mp4\" \/>\n<meta property=\"og:url\" content=\"https:\/\/cyberexpo3d.com\/en\/accompagnement\/\" \/>\n<meta property=\"og:site_name\" content=\"Cyber Expo 3D\" \/>\n<meta property=\"article:publisher\" content=\"https:\/\/www.facebook.com\/profile.php?id=61568138104774\" \/>\n<meta property=\"article:modified_time\" content=\"2025-09-18T15:26:11+00:00\" \/>\n<meta property=\"og:image\" content=\"https:\/\/cyberexpo3d.com\/wp-content\/uploads\/2025\/01\/test-122.png\" \/>\n\t<meta property=\"og:image:width\" content=\"3156\" \/>\n\t<meta property=\"og:image:height\" content=\"1412\" \/>\n\t<meta property=\"og:image:type\" content=\"image\/png\" \/>\n<meta name=\"twitter:card\" content=\"summary_large_image\" \/>\n<meta name=\"twitter:label1\" content=\"Estimated reading time\" \/>\n\t<meta name=\"twitter:data1\" content=\"1 minute\" \/>\n<script type=\"application\/ld+json\" class=\"yoast-schema-graph\">{\"@context\":\"https:\/\/schema.org\",\"@graph\":[{\"@type\":\"WebPage\",\"@id\":\"https:\/\/cyberexpo3d.com\/accompagnement\/\",\"url\":\"https:\/\/cyberexpo3d.com\/accompagnement\/\",\"name\":\"Tutoriels - Cyber Expo 3D\",\"isPartOf\":{\"@id\":\"https:\/\/cyberexpo3d.com\/#website\"},\"datePublished\":\"2025-05-26T13:29:42+00:00\",\"dateModified\":\"2025-09-18T15:26:11+00:00\",\"breadcrumb\":{\"@id\":\"https:\/\/cyberexpo3d.com\/accompagnement\/#breadcrumb\"},\"inLanguage\":\"en-GB\",\"potentialAction\":[{\"@type\":\"ReadAction\",\"target\":[\"https:\/\/cyberexpo3d.com\/accompagnement\/\"]}]},{\"@type\":\"BreadcrumbList\",\"@id\":\"https:\/\/cyberexpo3d.com\/accompagnement\/#breadcrumb\",\"itemListElement\":[{\"@type\":\"ListItem\",\"position\":1,\"name\":\"Accueil\",\"item\":\"https:\/\/cyberexpo3d.com\/\"},{\"@type\":\"ListItem\",\"position\":2,\"name\":\"Tutoriels\"}]},{\"@type\":\"WebSite\",\"@id\":\"https:\/\/cyberexpo3d.com\/#website\",\"url\":\"https:\/\/cyberexpo3d.com\/\",\"name\":\"Cyber Expo 3D\",\"description\":\"Votre salon en ligne, sans effort et sans limites.\",\"publisher\":{\"@id\":\"https:\/\/cyberexpo3d.com\/#organization\"},\"potentialAction\":[{\"@type\":\"SearchAction\",\"target\":{\"@type\":\"EntryPoint\",\"urlTemplate\":\"https:\/\/cyberexpo3d.com\/?s={search_term_string}\"},\"query-input\":{\"@type\":\"PropertyValueSpecification\",\"valueRequired\":true,\"valueName\":\"search_term_string\"}}],\"inLanguage\":\"en-GB\"},{\"@type\":\"Organization\",\"@id\":\"https:\/\/cyberexpo3d.com\/#organization\",\"name\":\"Cyber Expo 3D\",\"url\":\"https:\/\/cyberexpo3d.com\/\",\"logo\":{\"@type\":\"ImageObject\",\"inLanguage\":\"en-GB\",\"@id\":\"https:\/\/cyberexpo3d.com\/#\/schema\/logo\/image\/\",\"url\":\"https:\/\/cyberexpo3d.com\/wp-content\/uploads\/2025\/01\/test-122.png\",\"contentUrl\":\"https:\/\/cyberexpo3d.com\/wp-content\/uploads\/2025\/01\/test-122.png\",\"width\":3156,\"height\":1412,\"caption\":\"Cyber Expo 3D\"},\"image\":{\"@id\":\"https:\/\/cyberexpo3d.com\/#\/schema\/logo\/image\/\"},\"sameAs\":[\"https:\/\/www.facebook.com\/profile.php?id=61568138104774\",\"https:\/\/www.youtube.com\/channel\/UCkWCeOSaQFvTuCkAcxscFgQ\"]}]}<\/script>\n<!-- \/ Yoast SEO plugin. -->","yoast_head_json":{"title":"Tutoriels - Cyber Expo 3D","robots":{"index":"index","follow":"follow","max-snippet":"max-snippet:-1","max-image-preview":"max-image-preview:large","max-video-preview":"max-video-preview:-1"},"canonical":"https:\/\/cyberexpo3d.com\/en\/accompagnement\/","og_locale":"en_GB","og_type":"article","og_title":"Tutoriels - Cyber Expo 3D","og_description":"Un accompagnement humain et personnalis\u00e9 Avec Cyber Expo, vous b\u00e9n\u00e9ficiez d\u2019un suivi personnalis\u00e9 \u00e0 chaque \u00e9tape. De la pr\u00e9paration au bilan final, notre \u00e9quipe vous apporte conseils pratiques, support technique r\u00e9actif et recommandations strat\u00e9giques pour assurer la r\u00e9ussite de votre \u00e9v\u00e9nement virtuel Organisateur Exposant https:\/\/cyberexpo3d.com\/wp-content\/uploads\/2025\/09\/Avatar-IV-Video-1.mp4https:\/\/cyberexpo3d.com\/wp-content\/uploads\/2025\/09\/Avatar-IV-Video-2.mp4","og_url":"https:\/\/cyberexpo3d.com\/en\/accompagnement\/","og_site_name":"Cyber Expo 3D","article_publisher":"https:\/\/www.facebook.com\/profile.php?id=61568138104774","article_modified_time":"2025-09-18T15:26:11+00:00","og_image":[{"width":3156,"height":1412,"url":"https:\/\/cyberexpo3d.com\/wp-content\/uploads\/2025\/01\/test-122.png","type":"image\/png"}],"twitter_card":"summary_large_image","twitter_misc":{"Estimated reading time":"1 minute"},"schema":{"@context":"https:\/\/schema.org","@graph":[{"@type":"WebPage","@id":"https:\/\/cyberexpo3d.com\/accompagnement\/","url":"https:\/\/cyberexpo3d.com\/accompagnement\/","name":"Tutoriels - Cyber Expo 3D","isPartOf":{"@id":"https:\/\/cyberexpo3d.com\/#website"},"datePublished":"2025-05-26T13:29:42+00:00","dateModified":"2025-09-18T15:26:11+00:00","breadcrumb":{"@id":"https:\/\/cyberexpo3d.com\/accompagnement\/#breadcrumb"},"inLanguage":"en-GB","potentialAction":[{"@type":"ReadAction","target":["https:\/\/cyberexpo3d.com\/accompagnement\/"]}]},{"@type":"BreadcrumbList","@id":"https:\/\/cyberexpo3d.com\/accompagnement\/#breadcrumb","itemListElement":[{"@type":"ListItem","position":1,"name":"Accueil","item":"https:\/\/cyberexpo3d.com\/"},{"@type":"ListItem","position":2,"name":"Tutoriels"}]},{"@type":"WebSite","@id":"https:\/\/cyberexpo3d.com\/#website","url":"https:\/\/cyberexpo3d.com\/","name":"Cyber Expo 3D","description":"Votre salon en ligne, sans effort et sans limites.","publisher":{"@id":"https:\/\/cyberexpo3d.com\/#organization"},"potentialAction":[{"@type":"SearchAction","target":{"@type":"EntryPoint","urlTemplate":"https:\/\/cyberexpo3d.com\/?s={search_term_string}"},"query-input":{"@type":"PropertyValueSpecification","valueRequired":true,"valueName":"search_term_string"}}],"inLanguage":"en-GB"},{"@type":"Organization","@id":"https:\/\/cyberexpo3d.com\/#organization","name":"Cyber Expo 3D","url":"https:\/\/cyberexpo3d.com\/","logo":{"@type":"ImageObject","inLanguage":"en-GB","@id":"https:\/\/cyberexpo3d.com\/#\/schema\/logo\/image\/","url":"https:\/\/cyberexpo3d.com\/wp-content\/uploads\/2025\/01\/test-122.png","contentUrl":"https:\/\/cyberexpo3d.com\/wp-content\/uploads\/2025\/01\/test-122.png","width":3156,"height":1412,"caption":"Cyber Expo 3D"},"image":{"@id":"https:\/\/cyberexpo3d.com\/#\/schema\/logo\/image\/"},"sameAs":["https:\/\/www.facebook.com\/profile.php?id=61568138104774","https:\/\/www.youtube.com\/channel\/UCkWCeOSaQFvTuCkAcxscFgQ"]}]}},"_links":{"self":[{"href":"https:\/\/cyberexpo3d.com\/en\/wp-json\/wp\/v2\/pages\/6628","targetHints":{"allow":["GET"]}}],"collection":[{"href":"https:\/\/cyberexpo3d.com\/en\/wp-json\/wp\/v2\/pages"}],"about":[{"href":"https:\/\/cyberexpo3d.com\/en\/wp-json\/wp\/v2\/types\/page"}],"author":[{"embeddable":true,"href":"https:\/\/cyberexpo3d.com\/en\/wp-json\/wp\/v2\/users\/2"}],"replies":[{"embeddable":true,"href":"https:\/\/cyberexpo3d.com\/en\/wp-json\/wp\/v2\/comments?post=6628"}],"version-history":[{"count":60,"href":"https:\/\/cyberexpo3d.com\/en\/wp-json\/wp\/v2\/pages\/6628\/revisions"}],"predecessor-version":[{"id":7065,"href":"https:\/\/cyberexpo3d.com\/en\/wp-json\/wp\/v2\/pages\/6628\/revisions\/7065"}],"wp:attachment":[{"href":"https:\/\/cyberexpo3d.com\/en\/wp-json\/wp\/v2\/media?parent=6628"}],"curies":[{"name":"wp","href":"https:\/\/api.w.org\/{rel}","templated":true}]}}