{"id":899,"date":"2024-10-16T23:56:32","date_gmt":"2024-10-16T23:56:32","guid":{"rendered":"https:\/\/cyberexpo3d.com\/?page_id=899"},"modified":"2025-09-18T13:50:47","modified_gmt":"2025-09-18T13:50:47","slug":"enregistrement-exposant","status":"publish","type":"page","link":"https:\/\/cyberexpo3d.com\/en\/enregistrement-exposant\/","title":{"rendered":"Enregistrement Exposant"},"content":{"rendered":"<div data-elementor-type=\"wp-page\" data-elementor-id=\"899\" class=\"elementor elementor-899\" data-elementor-post-type=\"page\">\n\t\t\t\t<div class=\"elementor-element elementor-element-89ddba5 e-con-full e-flex e-con e-parent\" data-id=\"89ddba5\" data-element_type=\"container\" data-settings=\"{&quot;background_background&quot;:&quot;gradient&quot;}\">\n\t\t\t\t<div class=\"elementor-element elementor-element-8f5ea02 elementor-widget__width-initial elementor-widget elementor-widget-user-registration-form\" data-id=\"8f5ea02\" data-element_type=\"widget\" data-widget_type=\"user-registration-form.default\">\n\t\t\t\t<div class=\"elementor-widget-container\">\n\t\t\t\t\t\t<div class='user-registration ur-frontend-form' id='user-registration-form-1175'>\n\t\t\t\t\t\t\t\t<form method='post' class='register' data-form-id=\"1175\"\n\t\t\t\tdata-enable-strength-password=\"1\" data-minimum-password-strength=\"2\"\n\t\t\t\t\t\t\t\t\t\t\t\t\t\t\t data-captcha-enabled=\"1\" action=\"\">\n\n\t\t\t\t<div class=\"ur-form-row\" data-row-id=\"4\">\t\t\t\t\t\t\t<div class=\"ur-form-grid ur-grid-1\"\n\t\t\t\t\t\t\t\tstyle=\"width:99%\">\n\t\t\t\t\t\t\t\t\t\t\t\t\t\t\t\t<div  data-field-id=\"user_login\" class=\"ur-field-item field-user_login\" data-ref-id=\"user_login\" data-field-pattern-enabled=\"0\" data-field-pattern-value=\" \" data-field-pattern-message=\" \">\n\t\t\t\t\t\t\t\t\t\t<div class=\"form-row validate-required\" id=\"user_login_field\" data-priority=\"\" ><label for=\"user_login\" class=\"ur-label\">Username of your character in the virtual showroom <abbr class=\"required\" title=\"required\">*<\/abbr><\/label> <span class=\"input-wrapper\"> <input  data-rules=\"\" data-id=\"user_login\" type=\"text\" class=\"input-text   input-text ur-frontend-field\" name=\"user_login\" id=\"user_login\" placeholder=\"\"  value=\"\" required=\"required\" data-label=\"Pseudo de votre personnage dans le salon\" data-username-character=\"1\"\/> <\/span> <\/div>\t\t\t\t\t\t\t\t\t<\/div>\n\t\t\t\t\t\t\t\t\t\t\t\t\t\t\t\t\t\t<div  data-field-id=\"last_name\" class=\"ur-field-item field-last_name\" data-ref-id=\"last_name\" data-field-pattern-enabled=\"0\" data-field-pattern-value=\" \" data-field-pattern-message=\" \">\n\t\t\t\t\t\t\t\t\t\t<div class=\"form-row validate-required\" id=\"last_name_field\" data-priority=\"\" ><label for=\"last_name\" class=\"ur-label\">Last name <abbr class=\"required\" title=\"required\">*<\/abbr><\/label> <span class=\"input-wrapper\"> <input  data-rules=\"\" data-id=\"last_name\" type=\"text\" class=\"input-text   input-text ur-frontend-field\" name=\"last_name\" id=\"last_name\" placeholder=\"\"  value=\"\" required=\"required\" data-label=\"Nom de famille\" \/> <\/span> <\/div>\t\t\t\t\t\t\t\t\t<\/div>\n\t\t\t\t\t\t\t\t\t\t\t\t\t\t\t\t\t\t<div  data-field-id=\"first_name\" class=\"ur-field-item field-first_name\" data-ref-id=\"first_name\" data-field-pattern-enabled=\"0\" data-field-pattern-value=\" \" data-field-pattern-message=\" \">\n\t\t\t\t\t\t\t\t\t\t<div class=\"form-row validate-required\" id=\"first_name_field\" data-priority=\"\" ><label for=\"first_name\" class=\"ur-label\">Name <abbr class=\"required\" title=\"required\">*<\/abbr><\/label> <span class=\"input-wrapper\"> <input  data-rules=\"\" data-id=\"first_name\" type=\"text\" class=\"input-text   input-text ur-frontend-field\" name=\"first_name\" id=\"first_name\" placeholder=\"\"  value=\"\" required=\"required\" data-label=\"Pr\u00e9nom\" \/> <\/span> <\/div>\t\t\t\t\t\t\t\t\t<\/div>\n\t\t\t\t\t\t\t\t\t\t\t\t\t\t\t\t\t\t<div  data-field-id=\"user_email\" class=\"ur-field-item field-user_email\" data-ref-id=\"user_email\" data-field-pattern-enabled=\"0\" data-field-pattern-value=\" \" data-field-pattern-message=\" \">\n\t\t\t\t\t\t\t\t\t\t<div class=\"form-row validate-required\" id=\"user_email_field\" data-priority=\"\" ><label for=\"user_email\" class=\"ur-label\">Email <abbr class=\"required\" title=\"required\">*<\/abbr><\/label> <span class=\"input-wrapper\"> <input  data-rules=\"\" data-id=\"user_email\" type=\"email\" class=\"input-text   input-email ur-frontend-field\" name=\"user_email\" id=\"user_email\" placeholder=\"\"  value=\"\" required=\"required\" data-label=\"E-mail\" \/> <\/span> <\/div>\t\t\t\t\t\t\t\t\t<\/div>\n\t\t\t\t\t\t\t\t\t\t\t\t\t\t\t\t\t\t<div  data-field-id=\"input_nom_entreprise\" class=\"ur-field-item field-text\" data-ref-id=\"input_nom_entreprise\" data-field-pattern-enabled=\"0\" data-field-pattern-value=\" \" data-field-pattern-message=\" \">\n\t\t\t\t\t\t\t\t\t\t<div class=\"form-row validate-required\" id=\"input_nom_entreprise_field\" data-priority=\"\" ><label for=\"input_nom_entreprise\" class=\"ur-label\">Company name <abbr class=\"required\" title=\"required\">*<\/abbr><\/label> <span class=\"input-wrapper\"> <input  data-rules=\"\" data-id=\"input_nom_entreprise\" type=\"text\" class=\"input-text   input-text ur-frontend-field\" name=\"input_nom_entreprise\" id=\"input_nom_entreprise\" placeholder=\"\"  value=\"\" required=\"required\" data-label=\"Nom de l&#039;entreprise\" \/> <\/span> <\/div>\t\t\t\t\t\t\t\t\t<\/div>\n\t\t\t\t\t\t\t\t\t\t\t\t\t\t\t\t\t\t<div  data-field-id=\"input_adresse_entreprise\" class=\"ur-field-item field-text\" data-ref-id=\"input_adresse_entreprise\" data-field-pattern-enabled=\"0\" data-field-pattern-value=\" \" data-field-pattern-message=\" \">\n\t\t\t\t\t\t\t\t\t\t<div class=\"form-row validate-required\" id=\"input_adresse_entreprise_field\" data-priority=\"\" ><label for=\"input_adresse_entreprise\" class=\"ur-label\">Company address <abbr class=\"required\" title=\"required\">*<\/abbr><\/label> <span class=\"input-wrapper\"> <input  data-rules=\"\" data-id=\"input_adresse_entreprise\" type=\"text\" class=\"input-text   input-text ur-frontend-field\" name=\"input_adresse_entreprise\" id=\"input_adresse_entreprise\" placeholder=\"\"  value=\"\" required=\"required\" data-label=\"Adresse de l&#039;entreprise\" \/> <\/span> <\/div>\t\t\t\t\t\t\t\t\t<\/div>\n\t\t\t\t\t\t\t\t\t\t\t\t\t\t\t\t\t\t<div  data-field-id=\"user_pass\" class=\"ur-field-item field-user_pass\" data-ref-id=\"user_pass\" data-field-pattern-enabled=\"0\" data-field-pattern-value=\" \" data-field-pattern-message=\" \">\n\t\t\t\t\t\t\t\t\t\t<div class=\"form-row validate-required hide_show_password\" id=\"user_pass_field\" data-priority=\"\"><label for=\"user_pass\" class=\"ur-label\">Password <abbr class=\"required\" title=\"required\">*<\/abbr><\/label> <span class=\"input-wrapper\"> <span class=\"password-input-group input-form-field-icons\"><input data-rules=\"\" data-id=\"user_pass\" type=\"password\" class=\"input-text  input-password ur-frontend-field\" name=\"user_pass\" id=\"user_pass\" placeholder=\"\"  value=\"\" required=\"required\" data-label=\"Mot de passe\" \/><\/span> <\/span> <\/div>\t\t\t\t\t\t\t\t\t<\/div>\n\t\t\t\t\t\t\t\t\t\t\t\t\t\t\t\t\t\t<div  data-field-id=\"user_confirm_password\" class=\"ur-field-item field-user_confirm_password\" data-ref-id=\"user_confirm_password\" data-field-pattern-enabled=\"0\" data-field-pattern-value=\" \" data-field-pattern-message=\" \">\n\t\t\t\t\t\t\t\t\t\t<div class=\"form-row validate-required hide_show_password\" id=\"user_confirm_password_field\" data-priority=\"\"><label for=\"user_confirm_password\" class=\"ur-label\">Confirm password <abbr class=\"required\" title=\"required\">*<\/abbr><\/label> <span class=\"input-wrapper\"> <span class=\"password-input-group input-form-field-icons\"><input data-rules=\"\" data-id=\"user_confirm_password\" type=\"password\" class=\"input-text  input-password ur-frontend-field\" name=\"user_confirm_password\" id=\"user_confirm_password\" placeholder=\"\"  value=\"\" required=\"required\" data-label=\"Confirme mot de passe\" \/><\/span> <\/span> <\/div>\t\t\t\t\t\t\t\t\t<\/div>\n\t\t\t\t\t\t\t\t\t\t\t\t\t\t\t\t\t\t<div  data-field-id=\"input_t\u00e9l\u00e9phone\" class=\"ur-field-item field-text\" data-ref-id=\"input_t\u00e9l\u00e9phone\" data-field-pattern-enabled=\"0\" data-field-pattern-value=\" \" data-field-pattern-message=\" \">\n\t\t\t\t\t\t\t\t\t\t<div class=\"form-row validate-required\" id=\"input_t\u00e9l\u00e9phone_field\" data-priority=\"\" ><label for=\"input_t\u00e9l\u00e9phone\" class=\"ur-label\">Phone Number <abbr class=\"required\" title=\"required\">*<\/abbr><\/label> <span class=\"input-wrapper\"> <input  data-rules=\"\" data-id=\"input_t\u00e9l\u00e9phone\" type=\"text\" class=\"input-text   input-text ur-frontend-field\" name=\"input_t\u00e9l\u00e9phone\" id=\"input_t\u00e9l\u00e9phone\" placeholder=\"\"  value=\"\" required=\"required\" data-label=\"T\u00e9l\u00e9phone\" \/> <\/span> <\/div>\t\t\t\t\t\t\t\t\t<\/div>\n\t\t\t\t\t\t\t\t\t\t\t\t\t\t\t\t\t\t<div  data-field-id=\"check_box_1732553574\" class=\"ur-field-item field-checkbox\" data-ref-id=\"check_box_1732553574\" data-field-pattern-enabled=\"0\" data-field-pattern-value=\" \" data-field-pattern-message=\" \">\n\t\t\t\t\t\t\t\t\t\t<div class=\"form-row validate-required\" id=\"check_box_1732553574_field\" data-priority=\"\" ><label class=\"ur-label\" required=\"required\" data-label=\"J&#039;accepte les Conditions G\u00e9n\u00e9rales de Vente\">I accept the General Terms and Conditions of Sale. <abbr class=\"required\" title=\"required\">*<\/abbr><\/label><ul ><li class=\"ur-checkbox-list\"><input data-rules=\"\" data-id=\"check_box_1732553574[]\" required=\"required\" data-label=\"J&#039;accepte les Conditions G\u00e9n\u00e9rales de Vente\" data-value=\"En cochant cette case, vous acceptez nos Conditions G\u00e9n\u00e9rales de Vente.\" type=\"checkbox\" class=\"input-checkbox ur-frontend-field\" name=\"check_box_1732553574[]\" id=\"check_box_1732553574_En cochant cette case, vous acceptez nos Conditions G\u00e9n\u00e9rales de Vente.\" value=\"En cochant cette case, vous acceptez nos Conditions G\u00e9n\u00e9rales de Vente.\" \/><label class=\"ur-checkbox-label\" for=\"check_box_1732553574_En cochant cette case, vous acceptez nos Conditions G\u00e9n\u00e9rales de Vente.\">By checking this box, you agree to our <a href='https:\/\/cyberexpo3d.com\/en\/cgv\/' target='_blank'>General Terms and Conditions of Sale<\/a>.<\/label> <\/li><\/ul><\/div>\t\t\t\t\t\t\t\t\t<\/div>\n\t\t\t\t\t\t\t\t\t\t\t\t\t\t\t\t<\/div>\n\t\t\t\t\t\t\t\t\t\t\t\t\t<\/div>\n\t\t\t\t\t\t\t\t\t\t\t\t<div id=\"ur-recaptcha-node\"> <div id=\"node_recaptcha_register\" class=\"g-recaptcha-v3\" style=\"display:none\"><textarea id=\"g-recaptcha-response\" name=\"g-recaptcha-response\" ><\/textarea><\/div><\/div>\t\t\t\t\t\t<div class=\"ur-button-container\" >\n\t\t\t\t\t\t\t\t\t\t\t\t\t\t<button type=\"submit\" class=\"btn button ur-submit-button\"  conditional_rules=\"&quot;&quot;\">\n\t\t\t\t\t\t\t\t<span><\/span>\n\t\t\t\t\t\t\t\tSubmit\t\t\t\t\t\t\t<\/button>\n\t\t\t\t\t\t\t\t\t\t\t\t\t\t\t\t\t\t\t\t<\/div>\n\t\t\t\t\t\t\n\t\t\t\t<div style=\"clear:both\"><\/div>\n\t\t\t\t\t\t\t\t<input type=\"hidden\" name=\"ur-registration-language\" value=\"en-GB\"\/>\n\t\t\t\t<input type=\"hidden\" name=\"ur-user-form-id\" value=\"1175\"\/>\n\t\t\t\t<input type=\"hidden\" name=\"ur-redirect-url\" value=\"https:\/\/cyberexpo3d.com\/en\/exposant\/\"\/>\n\t\t\t\t<input type=\"hidden\" id=\"ur_frontend_form_nonce\" name=\"ur_frontend_form_nonce\" value=\"c6ec27323b\" \/>\n\t\t\t\t\n\t\t\t<input type=\"hidden\" name=\"trp-form-language\" value=\"en\"\/><\/form>\n\t\t\t\n\t\t<div style=\"clear:both\"><\/div>\n\t<\/div>\n\n\t\t\t\t<\/div>\n\t\t\t\t<\/div>\n\t\t\t\t<\/div>\n\t\t\t\t<\/div>","protected":false},"excerpt":{"rendered":"<p>Pseudo de votre personnage dans le salon * Nom de famille * Pr\u00e9nom * E-mail * Nom de l&rsquo;entreprise * Adresse de l&rsquo;entreprise * Mot de passe * Confirme mot de passe * T\u00e9l\u00e9phone * J&rsquo;accepte les Conditions G\u00e9n\u00e9rales de Vente * En cochant cette case, vous acceptez nos Conditions G\u00e9n\u00e9rales de Vente. Soumettre<\/p>","protected":false},"author":3,"featured_media":0,"parent":0,"menu_order":0,"comment_status":"closed","ping_status":"closed","template":"","meta":{"_eb_attr":"","footnotes":""},"class_list":["post-899","page","type-page","status-publish","hentry"],"yoast_head":"<!-- This site is optimized with the Yoast SEO plugin v26.2 - https:\/\/yoast.com\/wordpress\/plugins\/seo\/ -->\n<title>Enregistrement Exposant - Cyber Expo 3D<\/title>\n<meta name=\"description\" content=\"Enregistrez-vous en tant qu&#039;exposant via un formulaire pour r\u00e9server votre stand, et ainsi participer \u00e0 diverses expositions.\" \/>\n<meta name=\"robots\" content=\"index, follow, max-snippet:-1, max-image-preview:large, max-video-preview:-1\" \/>\n<link rel=\"canonical\" href=\"https:\/\/cyberexpo3d.com\/en\/enregistrement-exposant\/\" \/>\n<meta property=\"og:locale\" content=\"en_GB\" \/>\n<meta property=\"og:type\" content=\"article\" \/>\n<meta property=\"og:title\" content=\"Enregistrement Exposant - Cyber Expo 3D\" \/>\n<meta property=\"og:description\" content=\"Enregistrez-vous en tant qu&#039;exposant via un formulaire pour r\u00e9server votre stand, et ainsi participer \u00e0 diverses expositions.\" \/>\n<meta property=\"og:url\" content=\"https:\/\/cyberexpo3d.com\/en\/enregistrement-exposant\/\" \/>\n<meta property=\"og:site_name\" content=\"Cyber Expo 3D\" \/>\n<meta property=\"article:publisher\" content=\"https:\/\/www.facebook.com\/profile.php?id=61568138104774\" \/>\n<meta property=\"article:modified_time\" content=\"2025-09-18T13:50:47+00:00\" \/>\n<meta property=\"og:image\" content=\"https:\/\/cyberexpo3d.com\/wp-content\/uploads\/2025\/01\/test-122.png\" \/>\n\t<meta property=\"og:image:width\" content=\"3156\" \/>\n\t<meta property=\"og:image:height\" content=\"1412\" \/>\n\t<meta property=\"og:image:type\" content=\"image\/png\" \/>\n<meta name=\"twitter:card\" content=\"summary_large_image\" \/>\n<meta name=\"twitter:label1\" content=\"Estimated reading time\" \/>\n\t<meta name=\"twitter:data1\" content=\"1 minute\" \/>\n<script type=\"application\/ld+json\" class=\"yoast-schema-graph\">{\"@context\":\"https:\/\/schema.org\",\"@graph\":[{\"@type\":\"WebPage\",\"@id\":\"https:\/\/cyberexpo3d.com\/enregistrement-exposant\/\",\"url\":\"https:\/\/cyberexpo3d.com\/enregistrement-exposant\/\",\"name\":\"Enregistrement Exposant - Cyber Expo 3D\",\"isPartOf\":{\"@id\":\"https:\/\/cyberexpo3d.com\/#website\"},\"datePublished\":\"2024-10-16T23:56:32+00:00\",\"dateModified\":\"2025-09-18T13:50:47+00:00\",\"description\":\"Enregistrez-vous en tant qu'exposant via un formulaire pour r\u00e9server votre stand, et ainsi participer \u00e0 diverses expositions.\",\"breadcrumb\":{\"@id\":\"https:\/\/cyberexpo3d.com\/enregistrement-exposant\/#breadcrumb\"},\"inLanguage\":\"en-GB\",\"potentialAction\":[{\"@type\":\"ReadAction\",\"target\":[\"https:\/\/cyberexpo3d.com\/enregistrement-exposant\/\"]}]},{\"@type\":\"BreadcrumbList\",\"@id\":\"https:\/\/cyberexpo3d.com\/enregistrement-exposant\/#breadcrumb\",\"itemListElement\":[{\"@type\":\"ListItem\",\"position\":1,\"name\":\"Accueil\",\"item\":\"https:\/\/cyberexpo3d.com\/\"},{\"@type\":\"ListItem\",\"position\":2,\"name\":\"Enregistrement Exposant\"}]},{\"@type\":\"WebSite\",\"@id\":\"https:\/\/cyberexpo3d.com\/#website\",\"url\":\"https:\/\/cyberexpo3d.com\/\",\"name\":\"Cyber Expo 3D\",\"description\":\"Votre salon en ligne, sans effort et sans limites.\",\"publisher\":{\"@id\":\"https:\/\/cyberexpo3d.com\/#organization\"},\"potentialAction\":[{\"@type\":\"SearchAction\",\"target\":{\"@type\":\"EntryPoint\",\"urlTemplate\":\"https:\/\/cyberexpo3d.com\/?s={search_term_string}\"},\"query-input\":{\"@type\":\"PropertyValueSpecification\",\"valueRequired\":true,\"valueName\":\"search_term_string\"}}],\"inLanguage\":\"en-GB\"},{\"@type\":\"Organization\",\"@id\":\"https:\/\/cyberexpo3d.com\/#organization\",\"name\":\"Cyber Expo 3D\",\"url\":\"https:\/\/cyberexpo3d.com\/\",\"logo\":{\"@type\":\"ImageObject\",\"inLanguage\":\"en-GB\",\"@id\":\"https:\/\/cyberexpo3d.com\/#\/schema\/logo\/image\/\",\"url\":\"https:\/\/cyberexpo3d.com\/wp-content\/uploads\/2025\/01\/test-122.png\",\"contentUrl\":\"https:\/\/cyberexpo3d.com\/wp-content\/uploads\/2025\/01\/test-122.png\",\"width\":3156,\"height\":1412,\"caption\":\"Cyber Expo 3D\"},\"image\":{\"@id\":\"https:\/\/cyberexpo3d.com\/#\/schema\/logo\/image\/\"},\"sameAs\":[\"https:\/\/www.facebook.com\/profile.php?id=61568138104774\",\"https:\/\/www.youtube.com\/channel\/UCkWCeOSaQFvTuCkAcxscFgQ\"]}]}<\/script>\n<!-- \/ Yoast SEO plugin. -->","yoast_head_json":{"title":"Enregistrement Exposant - Cyber Expo 3D","description":"Enregistrez-vous en tant qu'exposant via un formulaire pour r\u00e9server votre stand, et ainsi participer \u00e0 diverses expositions.","robots":{"index":"index","follow":"follow","max-snippet":"max-snippet:-1","max-image-preview":"max-image-preview:large","max-video-preview":"max-video-preview:-1"},"canonical":"https:\/\/cyberexpo3d.com\/en\/enregistrement-exposant\/","og_locale":"en_GB","og_type":"article","og_title":"Enregistrement Exposant - Cyber Expo 3D","og_description":"Enregistrez-vous en tant qu'exposant via un formulaire pour r\u00e9server votre stand, et ainsi participer \u00e0 diverses expositions.","og_url":"https:\/\/cyberexpo3d.com\/en\/enregistrement-exposant\/","og_site_name":"Cyber Expo 3D","article_publisher":"https:\/\/www.facebook.com\/profile.php?id=61568138104774","article_modified_time":"2025-09-18T13:50:47+00:00","og_image":[{"width":3156,"height":1412,"url":"https:\/\/cyberexpo3d.com\/wp-content\/uploads\/2025\/01\/test-122.png","type":"image\/png"}],"twitter_card":"summary_large_image","twitter_misc":{"Estimated reading time":"1 minute"},"schema":{"@context":"https:\/\/schema.org","@graph":[{"@type":"WebPage","@id":"https:\/\/cyberexpo3d.com\/enregistrement-exposant\/","url":"https:\/\/cyberexpo3d.com\/enregistrement-exposant\/","name":"Enregistrement Exposant - Cyber Expo 3D","isPartOf":{"@id":"https:\/\/cyberexpo3d.com\/#website"},"datePublished":"2024-10-16T23:56:32+00:00","dateModified":"2025-09-18T13:50:47+00:00","description":"Enregistrez-vous en tant qu'exposant via un formulaire pour r\u00e9server votre stand, et ainsi participer \u00e0 diverses expositions.","breadcrumb":{"@id":"https:\/\/cyberexpo3d.com\/enregistrement-exposant\/#breadcrumb"},"inLanguage":"en-GB","potentialAction":[{"@type":"ReadAction","target":["https:\/\/cyberexpo3d.com\/enregistrement-exposant\/"]}]},{"@type":"BreadcrumbList","@id":"https:\/\/cyberexpo3d.com\/enregistrement-exposant\/#breadcrumb","itemListElement":[{"@type":"ListItem","position":1,"name":"Accueil","item":"https:\/\/cyberexpo3d.com\/"},{"@type":"ListItem","position":2,"name":"Enregistrement Exposant"}]},{"@type":"WebSite","@id":"https:\/\/cyberexpo3d.com\/#website","url":"https:\/\/cyberexpo3d.com\/","name":"Cyber Expo 3D","description":"Votre salon en ligne, sans effort et sans limites.","publisher":{"@id":"https:\/\/cyberexpo3d.com\/#organization"},"potentialAction":[{"@type":"SearchAction","target":{"@type":"EntryPoint","urlTemplate":"https:\/\/cyberexpo3d.com\/?s={search_term_string}"},"query-input":{"@type":"PropertyValueSpecification","valueRequired":true,"valueName":"search_term_string"}}],"inLanguage":"en-GB"},{"@type":"Organization","@id":"https:\/\/cyberexpo3d.com\/#organization","name":"Cyber Expo 3D","url":"https:\/\/cyberexpo3d.com\/","logo":{"@type":"ImageObject","inLanguage":"en-GB","@id":"https:\/\/cyberexpo3d.com\/#\/schema\/logo\/image\/","url":"https:\/\/cyberexpo3d.com\/wp-content\/uploads\/2025\/01\/test-122.png","contentUrl":"https:\/\/cyberexpo3d.com\/wp-content\/uploads\/2025\/01\/test-122.png","width":3156,"height":1412,"caption":"Cyber Expo 3D"},"image":{"@id":"https:\/\/cyberexpo3d.com\/#\/schema\/logo\/image\/"},"sameAs":["https:\/\/www.facebook.com\/profile.php?id=61568138104774","https:\/\/www.youtube.com\/channel\/UCkWCeOSaQFvTuCkAcxscFgQ"]}]}},"_links":{"self":[{"href":"https:\/\/cyberexpo3d.com\/en\/wp-json\/wp\/v2\/pages\/899","targetHints":{"allow":["GET"]}}],"collection":[{"href":"https:\/\/cyberexpo3d.com\/en\/wp-json\/wp\/v2\/pages"}],"about":[{"href":"https:\/\/cyberexpo3d.com\/en\/wp-json\/wp\/v2\/types\/page"}],"author":[{"embeddable":true,"href":"https:\/\/cyberexpo3d.com\/en\/wp-json\/wp\/v2\/users\/3"}],"replies":[{"embeddable":true,"href":"https:\/\/cyberexpo3d.com\/en\/wp-json\/wp\/v2\/comments?post=899"}],"version-history":[{"count":67,"href":"https:\/\/cyberexpo3d.com\/en\/wp-json\/wp\/v2\/pages\/899\/revisions"}],"predecessor-version":[{"id":7007,"href":"https:\/\/cyberexpo3d.com\/en\/wp-json\/wp\/v2\/pages\/899\/revisions\/7007"}],"wp:attachment":[{"href":"https:\/\/cyberexpo3d.com\/en\/wp-json\/wp\/v2\/media?parent=899"}],"curies":[{"name":"wp","href":"https:\/\/api.w.org\/{rel}","templated":true}]}}